{"id":77,"date":"2020-04-20T12:49:22","date_gmt":"2020-04-20T12:49:22","guid":{"rendered":"https:\/\/conductme.com\/?page_id=77"},"modified":"2021-05-06T09:27:22","modified_gmt":"2021-05-06T09:27:22","slug":"contact","status":"publish","type":"page","link":"https:\/\/conductme.com\/sv\/contact\/","title":{"rendered":"Kontakta oss"},"content":{"rendered":"<p>[et_pb_section fb_built=&#8221;1&#8243; custom_padding_last_edited=&#8221;on|desktop&#8221; admin_label=&#8221;Hero&#8221; _builder_version=&#8221;4.5.3&#8243; use_background_color_gradient=&#8221;on&#8221; background_color_gradient_start=&#8221;#f58345&#8243; background_color_gradient_end=&#8221;#ef3f6b&#8221; background_color_gradient_direction=&#8221;1deg&#8221; background_enable_image=&#8221;off&#8221; module_alignment=&#8221;center&#8221; min_height=&#8221;350px&#8221; custom_padding=&#8221;70px|0px|0px|0px|false|false&#8221; custom_padding_tablet=&#8221;60px||75px||false|false&#8221; custom_padding_phone=&#8221;35px|0px|35px|0px|false|false&#8221;][et_pb_row custom_padding_last_edited=&#8221;on|phone&#8221; _builder_version=&#8221;4.5.3&#8243; width=&#8221;55%&#8221; width_tablet=&#8221;80%&#8221; width_phone=&#8221;80%&#8221; width_last_edited=&#8221;on|phone&#8221; module_alignment=&#8221;center&#8221; custom_margin=&#8221;|auto|-17px|auto||&#8221; custom_padding=&#8221;25px||||false|false&#8221; custom_padding_tablet=&#8221;&#8221; custom_padding_phone=&#8221;15px||||false|false&#8221;][et_pb_column type=&#8221;4_4&#8243; _builder_version=&#8221;4.4.2&#8243; custom_padding=&#8221;||||false|false&#8221; custom_padding__hover=&#8221;|||&#8221;][et_pb_text _builder_version=&#8221;4.5.3&#8243; text_font=&#8221;|600|||||||&#8221; text_text_color=&#8221;#ffffff&#8221; text_font_size=&#8221;16px&#8221; text_line_height=&#8221;1.8em&#8221; header_font=&#8221;Open Sans||||||||&#8221; header_text_align=&#8221;center&#8221; header_line_height=&#8221;1.2em&#8221; header_3_line_height=&#8221;1.6em&#8221; text_orientation=&#8221;center&#8221; background_layout=&#8221;dark&#8221; module_alignment=&#8221;center&#8221; min_height=&#8221;251px&#8221; custom_margin=&#8221;||||false|false&#8221; custom_padding=&#8221;30px||||false|false&#8221; custom_padding_phone=&#8221;||5px||false|false&#8221; custom_padding_last_edited=&#8221;off|desktop&#8221; header_font_size_tablet=&#8221;&#8221; header_font_size_phone=&#8221;&#8221; header_font_size_last_edited=&#8221;on|phone&#8221; header_3_font_size_tablet=&#8221;&#8221; header_3_font_size_phone=&#8221;15px&#8221; header_3_font_size_last_edited=&#8221;on|phone&#8221; text_text_shadow_style=&#8221;preset3&#8243;]<\/p>\n<h1><strong>Contact us<\/strong><\/h1>\n<p>[\/et_pb_text][\/et_pb_column][\/et_pb_row][\/et_pb_section][et_pb_section fb_built=&#8221;1&#8243; _builder_version=&#8221;4.5.3&#8243; _module_preset=&#8221;default&#8221; custom_padding=&#8221;0px||52px|||&#8221;][et_pb_row column_structure=&#8221;1_2,1_2&#8243; _builder_version=&#8221;4.5.3&#8243; _module_preset=&#8221;default&#8221; custom_padding=&#8221;52px||5px|||&#8221;][et_pb_column type=&#8221;1_2&#8243; _builder_version=&#8221;4.5.3&#8243; _module_preset=&#8221;default&#8221;][et_pb_text _builder_version=&#8221;4.5.3&#8243; _module_preset=&#8221;default&#8221; text_font=&#8221;|700|||||||&#8221; text_font_size=&#8221;25px&#8221; custom_margin=&#8221;||-4px|||&#8221; hover_enabled=&#8221;0&#8243;]<\/p>\n<p>Communication and Partnership<\/p>\n<p>[\/et_pb_text][et_pb_text _builder_version=&#8221;4.5.3&#8243; _module_preset=&#8221;default&#8221; text_font_size=&#8221;20px&#8221; hover_enabled=&#8221;0&#8243;]<\/p>\n<p>Rita T\u00f3th<\/p>\n<p>[\/et_pb_text][et_pb_blurb use_icon=&#8221;on&#8221; font_icon=&#8221;%%264%%&#8221; icon_color=&#8221;#8300e9&#8243; use_circle=&#8221;on&#8221; circle_color=&#8221;#ffffff&#8221; use_circle_border=&#8221;on&#8221; circle_border_color=&#8221;#8300e9&#8243; use_icon_font_size=&#8221;on&#8221; icon_font_size=&#8221;28px&#8221; _builder_version=&#8221;4.5.3&#8243; _module_preset=&#8221;default&#8221; body_font_size=&#8221;25px&#8221; hover_enabled=&#8221;0&#8243; header_font_size=&#8221;20px&#8221;]<\/p>\n<p>+46 70 830 33 99<\/p>\n<p>[\/et_pb_blurb][et_pb_blurb use_icon=&#8221;on&#8221; font_icon=&#8221;%%109%%&#8221; icon_color=&#8221;#8300e9&#8243; use_icon_font_size=&#8221;on&#8221; icon_font_size=&#8221;48px&#8221; _builder_version=&#8221;4.5.3&#8243; _module_preset=&#8221;default&#8221; body_font_size=&#8221;25px&#8221;]<\/p>\n<p><a href=\"mailto:\">info@conductme.com<\/a><\/p>\n<p>[\/et_pb_blurb][\/et_pb_column][et_pb_column type=&#8221;1_2&#8243; _builder_version=&#8221;4.5.3&#8243; _module_preset=&#8221;default&#8221;][et_pb_text _builder_version=&#8221;4.5.3&#8243; _module_preset=&#8221;default&#8221; text_font_size=&#8221;25px&#8221; custom_margin=&#8221;||1px|||&#8221; hover_enabled=&#8221;0&#8243;]<\/p>\n<p><strong>Customer &amp; technical support<\/strong><\/p>\n<p>[\/et_pb_text][et_pb_text _builder_version=&#8221;4.5.3&#8243; _module_preset=&#8221;default&#8221; text_font_size=&#8221;20px&#8221; hover_enabled=&#8221;0&#8243;]<\/p>\n<p>\u00c1kos T\u00f3th<\/p>\n<p>[\/et_pb_text][et_pb_blurb use_icon=&#8221;on&#8221; font_icon=&#8221;%%264%%&#8221; icon_color=&#8221;#8300e9&#8243; use_circle=&#8221;on&#8221; circle_color=&#8221;#ffffff&#8221; use_circle_border=&#8221;on&#8221; circle_border_color=&#8221;#8300e9&#8243; use_icon_font_size=&#8221;on&#8221; icon_font_size=&#8221;28px&#8221; _builder_version=&#8221;4.5.3&#8243; _module_preset=&#8221;default&#8221; body_font=&#8221;||||||||&#8221; body_font_size=&#8221;25px&#8221;]<\/p>\n<p>+46 70 920 31 81<\/p>\n<p>[\/et_pb_blurb][et_pb_blurb use_icon=&#8221;on&#8221; font_icon=&#8221;%%109%%&#8221; icon_color=&#8221;#8300e9&#8243; use_icon_font_size=&#8221;on&#8221; icon_font_size=&#8221;48px&#8221; _builder_version=&#8221;4.5.3&#8243; _module_preset=&#8221;default&#8221; body_font_size=&#8221;25px&#8221;]<\/p>\n<p><a href=\"mailto:\">support@conductme.com<\/a><\/p>\n<p>[\/et_pb_blurb][\/et_pb_column][\/et_pb_row][\/et_pb_section]<\/p>\n","protected":false},"excerpt":{"rendered":"<p>Contact usCommunication and PartnershipRita T\u00f3th+46 70 830 33 99info@conductme.comCustomer &amp; technical support\u00c1kos T\u00f3th+46 70 920 31 81support@conductme.com<\/p>","protected":false},"author":4,"featured_media":0,"parent":0,"menu_order":0,"comment_status":"closed","ping_status":"closed","template":"","meta":{"_et_pb_use_builder":"on","_et_pb_old_content":"","_et_gb_content_width":"","footnotes":""},"class_list":["post-77","page","type-page","status-publish","hentry"],"yoast_head":"<!-- This site is optimized with the Yoast SEO plugin v27.4 - https:\/\/yoast.com\/product\/yoast-seo-wordpress\/ -->\n<title>ConductMe - Contact<\/title>\n<meta name=\"description\" content=\"Contact us for support or more information about ConductMe Academy, ConductOnline and our tools for digitalisation.\" \/>\n<meta name=\"robots\" content=\"index, follow, max-snippet:-1, max-image-preview:large, max-video-preview:-1\" \/>\n<link rel=\"canonical\" href=\"https:\/\/conductme.com\/sv\/contact\/\" \/>\n<meta property=\"og:locale\" content=\"sv_SE\" \/>\n<meta property=\"og:type\" content=\"article\" \/>\n<meta property=\"og:title\" content=\"ConductMe - Contact\" \/>\n<meta property=\"og:description\" content=\"Contact us for support or more information about ConductMe Academy, ConductOnline and our tools for digitalisation.\" \/>\n<meta property=\"og:url\" content=\"https:\/\/conductme.com\/sv\/contact\/\" \/>\n<meta property=\"og:site_name\" content=\"ConductMe\" \/>\n<meta property=\"article:modified_time\" content=\"2021-05-06T09:27:22+00:00\" \/>\n<meta name=\"twitter:card\" content=\"summary_large_image\" \/>\n<meta name=\"twitter:label1\" content=\"Ber\u00e4knad l\u00e4stid\" \/>\n\t<meta name=\"twitter:data1\" content=\"3 minuter\" \/>\n<script type=\"application\/ld+json\" class=\"yoast-schema-graph\">{\"@context\":\"https:\\\/\\\/schema.org\",\"@graph\":[{\"@type\":\"WebPage\",\"@id\":\"https:\\\/\\\/conductme.com\\\/contact\\\/\",\"url\":\"https:\\\/\\\/conductme.com\\\/contact\\\/\",\"name\":\"ConductMe - Contact\",\"isPartOf\":{\"@id\":\"https:\\\/\\\/conductme.com\\\/#website\"},\"datePublished\":\"2020-04-20T12:49:22+00:00\",\"dateModified\":\"2021-05-06T09:27:22+00:00\",\"description\":\"Contact us for support or more information about ConductMe Academy, ConductOnline and our tools for digitalisation.\",\"breadcrumb\":{\"@id\":\"https:\\\/\\\/conductme.com\\\/contact\\\/#breadcrumb\"},\"inLanguage\":\"sv-SE\",\"potentialAction\":[{\"@type\":\"ReadAction\",\"target\":[\"https:\\\/\\\/conductme.com\\\/contact\\\/\"]}]},{\"@type\":\"BreadcrumbList\",\"@id\":\"https:\\\/\\\/conductme.com\\\/contact\\\/#breadcrumb\",\"itemListElement\":[{\"@type\":\"ListItem\",\"position\":1,\"name\":\"Home\",\"item\":\"https:\\\/\\\/conductme.com\\\/\"},{\"@type\":\"ListItem\",\"position\":2,\"name\":\"Contact\"}]},{\"@type\":\"WebSite\",\"@id\":\"https:\\\/\\\/conductme.com\\\/#website\",\"url\":\"https:\\\/\\\/conductme.com\\\/\",\"name\":\"ConductMe\",\"description\":\"A digital education service for Conductive Education\",\"potentialAction\":[{\"@type\":\"SearchAction\",\"target\":{\"@type\":\"EntryPoint\",\"urlTemplate\":\"https:\\\/\\\/conductme.com\\\/?s={search_term_string}\"},\"query-input\":{\"@type\":\"PropertyValueSpecification\",\"valueRequired\":true,\"valueName\":\"search_term_string\"}}],\"inLanguage\":\"sv-SE\"}]}<\/script>\n<!-- \/ Yoast SEO plugin. -->","yoast_head_json":{"title":"ConductMe - Contact","description":"Contact us for support or more information about ConductMe Academy, ConductOnline and our tools for digitalisation.","robots":{"index":"index","follow":"follow","max-snippet":"max-snippet:-1","max-image-preview":"max-image-preview:large","max-video-preview":"max-video-preview:-1"},"canonical":"https:\/\/conductme.com\/sv\/contact\/","og_locale":"sv_SE","og_type":"article","og_title":"ConductMe - Contact","og_description":"Contact us for support or more information about ConductMe Academy, ConductOnline and our tools for digitalisation.","og_url":"https:\/\/conductme.com\/sv\/contact\/","og_site_name":"ConductMe","article_modified_time":"2021-05-06T09:27:22+00:00","twitter_card":"summary_large_image","twitter_misc":{"Ber\u00e4knad l\u00e4stid":"3 minuter"},"schema":{"@context":"https:\/\/schema.org","@graph":[{"@type":"WebPage","@id":"https:\/\/conductme.com\/contact\/","url":"https:\/\/conductme.com\/contact\/","name":"ConductMe - Contact","isPartOf":{"@id":"https:\/\/conductme.com\/#website"},"datePublished":"2020-04-20T12:49:22+00:00","dateModified":"2021-05-06T09:27:22+00:00","description":"Contact us for support or more information about ConductMe Academy, ConductOnline and our tools for digitalisation.","breadcrumb":{"@id":"https:\/\/conductme.com\/contact\/#breadcrumb"},"inLanguage":"sv-SE","potentialAction":[{"@type":"ReadAction","target":["https:\/\/conductme.com\/contact\/"]}]},{"@type":"BreadcrumbList","@id":"https:\/\/conductme.com\/contact\/#breadcrumb","itemListElement":[{"@type":"ListItem","position":1,"name":"Home","item":"https:\/\/conductme.com\/"},{"@type":"ListItem","position":2,"name":"Contact"}]},{"@type":"WebSite","@id":"https:\/\/conductme.com\/#website","url":"https:\/\/conductme.com\/","name":"ConductMe","description":"A digital education service for Conductive Education","potentialAction":[{"@type":"SearchAction","target":{"@type":"EntryPoint","urlTemplate":"https:\/\/conductme.com\/?s={search_term_string}"},"query-input":{"@type":"PropertyValueSpecification","valueRequired":true,"valueName":"search_term_string"}}],"inLanguage":"sv-SE"}]}},"_links":{"self":[{"href":"https:\/\/conductme.com\/sv\/wp-json\/wp\/v2\/pages\/77","targetHints":{"allow":["GET"]}}],"collection":[{"href":"https:\/\/conductme.com\/sv\/wp-json\/wp\/v2\/pages"}],"about":[{"href":"https:\/\/conductme.com\/sv\/wp-json\/wp\/v2\/types\/page"}],"author":[{"embeddable":true,"href":"https:\/\/conductme.com\/sv\/wp-json\/wp\/v2\/users\/4"}],"replies":[{"embeddable":true,"href":"https:\/\/conductme.com\/sv\/wp-json\/wp\/v2\/comments?post=77"}],"version-history":[{"count":26,"href":"https:\/\/conductme.com\/sv\/wp-json\/wp\/v2\/pages\/77\/revisions"}],"predecessor-version":[{"id":1902,"href":"https:\/\/conductme.com\/sv\/wp-json\/wp\/v2\/pages\/77\/revisions\/1902"}],"wp:attachment":[{"href":"https:\/\/conductme.com\/sv\/wp-json\/wp\/v2\/media?parent=77"}],"curies":[{"name":"wp","href":"https:\/\/api.w.org\/{rel}","templated":true}]}}