{"id":82,"date":"2020-04-20T13:13:29","date_gmt":"2020-04-20T13:13:29","guid":{"rendered":"https:\/\/conductme.com\/?page_id=82"},"modified":"2021-05-28T07:39:03","modified_gmt":"2021-05-28T07:39:03","slug":"conductive-education","status":"publish","type":"page","link":"https:\/\/conductme.com\/hu\/conductive-education\/","title":{"rendered":"Kondukt\u00edv Pedag\u00f3gia"},"content":{"rendered":"<p>[et_pb_section fb_built=&#8221;1&#8243; custom_padding_last_edited=&#8221;on|desktop&#8221; admin_label=&#8221;Hero&#8221; _builder_version=&#8221;4.5.3&#8243; use_background_color_gradient=&#8221;on&#8221; background_color_gradient_start=&#8221;#4d5eaa&#8221; background_color_gradient_end=&#8221;#84D2E2&#8243; background_color_gradient_direction=&#8221;1deg&#8221; background_enable_image=&#8221;off&#8221; module_alignment=&#8221;center&#8221; min_height=&#8221;350px&#8221; custom_padding=&#8221;70px|0px|0px|0px|false|false&#8221; custom_padding_tablet=&#8221;60px||75px||false|false&#8221; custom_padding_phone=&#8221;35px|0px|35px|0px|false|false&#8221;][et_pb_row custom_padding_last_edited=&#8221;on|phone&#8221; _builder_version=&#8221;4.5.3&#8243; width=&#8221;55%&#8221; width_tablet=&#8221;80%&#8221; width_phone=&#8221;80%&#8221; width_last_edited=&#8221;on|phone&#8221; module_alignment=&#8221;center&#8221; custom_margin=&#8221;|auto|-17px|auto||&#8221; custom_padding=&#8221;25px||||false|false&#8221; custom_padding_tablet=&#8221;&#8221; custom_padding_phone=&#8221;15px||||false|false&#8221;][et_pb_column type=&#8221;4_4&#8243; _builder_version=&#8221;4.4.2&#8243; custom_padding=&#8221;||||false|false&#8221; custom_padding__hover=&#8221;|||&#8221;][et_pb_text _builder_version=&#8221;4.5.3&#8243; text_font=&#8221;|600|||||||&#8221; text_text_color=&#8221;#ffffff&#8221; text_font_size=&#8221;16px&#8221; text_line_height=&#8221;1.8em&#8221; header_font=&#8221;Open Sans||||||||&#8221; header_text_align=&#8221;center&#8221; header_line_height=&#8221;1.2em&#8221; header_3_line_height=&#8221;1.6em&#8221; text_orientation=&#8221;center&#8221; background_layout=&#8221;dark&#8221; module_alignment=&#8221;center&#8221; min_height=&#8221;251px&#8221; custom_margin=&#8221;||||false|false&#8221; custom_padding=&#8221;30px||||false|false&#8221; custom_padding_phone=&#8221;||5px||false|false&#8221; custom_padding_last_edited=&#8221;off|desktop&#8221; header_font_size_tablet=&#8221;&#8221; header_font_size_phone=&#8221;&#8221; header_font_size_last_edited=&#8221;on|phone&#8221; header_3_font_size_tablet=&#8221;&#8221; header_3_font_size_phone=&#8221;15px&#8221; header_3_font_size_last_edited=&#8221;on|phone&#8221; text_text_shadow_style=&#8221;preset3&#8243;]<\/p>\n<h1><strong>Conductive Education<\/strong><\/h1>\n<p>[\/et_pb_text][\/et_pb_column][\/et_pb_row][\/et_pb_section][et_pb_section fb_built=&#8221;1&#8243; _builder_version=&#8221;4.5.3&#8243; _module_preset=&#8221;default&#8221;][et_pb_row _builder_version=&#8221;4.5.3&#8243; _module_preset=&#8221;default&#8221;][et_pb_column type=&#8221;4_4&#8243; _builder_version=&#8221;4.5.3&#8243; _module_preset=&#8221;default&#8221;][et_pb_text _builder_version=&#8221;4.5.3&#8243; _module_preset=&#8221;default&#8221; text_font_size=&#8221;23px&#8221; text_line_height=&#8221;1.3em&#8221; width=&#8221;93%&#8221; max_width=&#8221;100%&#8221; module_alignment=&#8221;center&#8221;]<\/p>\n<p style=\"text-align: center;\">Conductive Education is a concept used to support and guide individuals with different neurological disabilites. The aim is to help individuals get better understanding of their body and use their capabilities. Conductive Education enables individuals to be their best selves.<\/p>\n<p>[\/et_pb_text][\/et_pb_column][\/et_pb_row][\/et_pb_section][et_pb_section fb_built=&#8221;1&#8243; _builder_version=&#8221;4.5.3&#8243; _module_preset=&#8221;default&#8221; custom_padding=&#8221;2px||3px|||&#8221;][et_pb_row column_structure=&#8221;1_2,1_2&#8243; _builder_version=&#8221;4.5.3&#8243; _module_preset=&#8221;default&#8221;][et_pb_column type=&#8221;1_2&#8243; _builder_version=&#8221;4.5.3&#8243; _module_preset=&#8221;default&#8221;][et_pb_text _builder_version=&#8221;4.5.3&#8243; _module_preset=&#8221;default&#8221; text_font=&#8221;|700|||||||&#8221; text_text_color=&#8221;#8DC63F&#8221; text_font_size=&#8221;23px&#8221; text_orientation=&#8221;center&#8221; module_alignment=&#8221;center&#8221;]<\/p>\n<p>Individual steps towards independence<\/p>\n<p>[\/et_pb_text][et_pb_text _builder_version=&#8221;4.5.3&#8243; _module_preset=&#8221;default&#8221; text_font_size=&#8221;20px&#8221; text_line_height=&#8221;1.3em&#8221; text_orientation=&#8221;center&#8221; width=&#8221;92%&#8221; module_alignment=&#8221;center&#8221;]<\/p>\n<p>Conductive Education is always based on each individual and the personal abilities, skills and qualities. The personal circumstances are the starting point. The concept helps the individual to use its abilities in complex situations, which enable long term skills in everyday life. Conductive Education challenges the individual to test and learn new abilities. By using the concept individuals with neurological disabilities get the opportunity to experience and discover the world \u2013 not only observe it.<\/p>\n<p>[\/et_pb_text][\/et_pb_column][et_pb_column type=&#8221;1_2&#8243; _builder_version=&#8221;4.5.3&#8243; _module_preset=&#8221;default&#8221;][et_pb_image src=&#8221;https:\/\/conductme.com\/wp-content\/uploads\/2021\/05\/6.png&#8221; title_text=&#8221;6&#8243; _builder_version=&#8221;4.5.3&#8243; _module_preset=&#8221;default&#8221;][\/et_pb_image][\/et_pb_column][\/et_pb_row][\/et_pb_section][et_pb_section fb_built=&#8221;1&#8243; _builder_version=&#8221;4.5.3&#8243; _module_preset=&#8221;default&#8221; custom_padding=&#8221;1px||3px|||&#8221;][et_pb_row column_structure=&#8221;1_2,1_2&#8243; _builder_version=&#8221;4.5.3&#8243; _module_preset=&#8221;default&#8221;][et_pb_column type=&#8221;1_2&#8243; _builder_version=&#8221;4.5.3&#8243; _module_preset=&#8221;default&#8221;][et_pb_image src=&#8221;https:\/\/conductme.com\/wp-content\/uploads\/2021\/05\/5.png&#8221; title_text=&#8221;5&#8243; _builder_version=&#8221;4.5.3&#8243; _module_preset=&#8221;default&#8221;][\/et_pb_image][\/et_pb_column][et_pb_column type=&#8221;1_2&#8243; _builder_version=&#8221;4.5.3&#8243; _module_preset=&#8221;default&#8221;][et_pb_text _builder_version=&#8221;4.5.3&#8243; _module_preset=&#8221;default&#8221; text_font=&#8221;|700|||||||&#8221; text_text_color=&#8221;#4d5eaa&#8221; text_font_size=&#8221;23px&#8221; text_orientation=&#8221;center&#8221;]<\/p>\n<p>Holistic development<\/p>\n<p>[\/et_pb_text][et_pb_text _builder_version=&#8221;4.5.3&#8243; _module_preset=&#8221;default&#8221; text_font_size=&#8221;20px&#8221; text_line_height=&#8221;1.3em&#8221; text_orientation=&#8221;center&#8221;]<\/p>\n<p>To understand how an individual act in a certain situation requires a complete understanding of how different body functions interact. Everything is connected \u2013 movement, communication, cognitive and social ability. Holistic development is a big and important part of Conductive Education where teaching and training improve body functions. Each individual has their own existing functions. Conductors, the teachers, use them as basis for learning new functions. When individuals participate in various activities and situations, new knowledge is gradually built up and used actively. Later on this helps to solve different situations in everyday life.<\/p>\n<p>[\/et_pb_text][\/et_pb_column][\/et_pb_row][\/et_pb_section][et_pb_section fb_built=&#8221;1&#8243; _builder_version=&#8221;4.5.3&#8243; _module_preset=&#8221;default&#8221; custom_padding=&#8221;0px||3px|||&#8221;][et_pb_row column_structure=&#8221;1_2,1_2&#8243; _builder_version=&#8221;4.5.3&#8243; _module_preset=&#8221;default&#8221;][et_pb_column type=&#8221;1_2&#8243; _builder_version=&#8221;4.5.3&#8243; _module_preset=&#8221;default&#8221;][et_pb_text _builder_version=&#8221;4.5.3&#8243; _module_preset=&#8221;default&#8221; text_font=&#8221;|700|||||||&#8221; text_text_color=&#8221;#f58345&#8243; text_font_size=&#8221;23px&#8221; text_orientation=&#8221;center&#8221;]<\/p>\n<p>Active learning<\/p>\n<p>[\/et_pb_text][et_pb_text _builder_version=&#8221;4.5.3&#8243; _module_preset=&#8221;default&#8221; text_font_size=&#8221;20px&#8221; text_line_height=&#8221;1.3em&#8221; text_orientation=&#8221;center&#8221; width=&#8221;100%&#8221; module_alignment=&#8221;center&#8221;]<\/p>\n<p>Human development is holistic. To go from laying down, to sitting on a chair, to standing up and later walk from one position to another are some of the milestones in Conductive Education. Those positions, activities and situations seems easy but for individuals with neurological diagnosis it takes learning and exercise. All tasks stimulate and coordinate movement as well as cognitive, communicative and social ability simultaneously. As Conductive Education is based on the individual, all tasks are constructed on each other. By cutting one task out of its context means losing the Conductive Education effectiveness. The goal of Conductive Education is that the individual can manage complex situations, with as little help as possible from tools or facilitations.<\/p>\n<p>[\/et_pb_text][\/et_pb_column][et_pb_column type=&#8221;1_2&#8243; _builder_version=&#8221;4.5.3&#8243; _module_preset=&#8221;default&#8221;][et_pb_image src=&#8221;https:\/\/conductme.com\/wp-content\/uploads\/2021\/05\/2.png&#8221; title_text=&#8221;2&#8243; _builder_version=&#8221;4.5.3&#8243; _module_preset=&#8221;default&#8221;][\/et_pb_image][\/et_pb_column][\/et_pb_row][\/et_pb_section][et_pb_section fb_built=&#8221;1&#8243; _builder_version=&#8221;4.5.3&#8243; _module_preset=&#8221;default&#8221; custom_padding=&#8221;2px|||||&#8221;][et_pb_row column_structure=&#8221;1_2,1_2&#8243; _builder_version=&#8221;4.5.3&#8243; _module_preset=&#8221;default&#8221;][et_pb_column type=&#8221;1_2&#8243; _builder_version=&#8221;4.5.3&#8243; _module_preset=&#8221;default&#8221;][et_pb_image src=&#8221;https:\/\/conductme.com\/wp-content\/uploads\/2021\/05\/3.png&#8221; title_text=&#8221;3&#8243; _builder_version=&#8221;4.5.3&#8243; _module_preset=&#8221;default&#8221;][\/et_pb_image][\/et_pb_column][et_pb_column type=&#8221;1_2&#8243; _builder_version=&#8221;4.5.3&#8243; _module_preset=&#8221;default&#8221;][et_pb_text _builder_version=&#8221;4.5.3&#8243; _module_preset=&#8221;default&#8221; text_font=&#8221;|700|||||||&#8221; text_text_color=&#8221;#ef3f6b&#8221; text_font_size=&#8221;23px&#8221; text_orientation=&#8221;center&#8221;]<\/p>\n<p>Conductor&#8217;s teaching<\/p>\n<p>[\/et_pb_text][et_pb_text _builder_version=&#8221;4.5.3&#8243; _module_preset=&#8221;default&#8221; text_font_size=&#8221;20px&#8221; text_line_height=&#8221;1.3em&#8221; text_orientation=&#8221;center&#8221; width=&#8221;87%&#8221; module_alignment=&#8221;center&#8221;]<\/p>\n<p>Professionals within conductive education, conductors, have the understanding and competence from many different layers and angles of the medical field. Conductors are pedagogues with holistic approach which gives us the knowledge of why movements are more complex for some individuals and what can affect the individual to expand the movement further. At ConductMe we have a team of conductors who helped us to form the platform and some of the content.<\/p>\n<p>[\/et_pb_text][et_pb_button button_url=&#8221;@ET-DC@eyJkeW5hbWljIjp0cnVlLCJjb250ZW50IjoicG9zdF9saW5rX3VybF9wYWdlIiwic2V0dGluZ3MiOnsicG9zdF9pZCI6IjE2NzgifX0=@&#8221; button_text=&#8221;Meet the conductors&#8221; button_alignment=&#8221;center&#8221; _builder_version=&#8221;4.5.3&#8243; _dynamic_attributes=&#8221;button_url&#8221; _module_preset=&#8221;default&#8221; custom_button=&#8221;on&#8221; button_text_size=&#8221;20px&#8221; button_text_color=&#8221;#ffffff&#8221; button_bg_color=&#8221;#ef3f6b&#8221; button_border_color=&#8221;#ef3f6b&#8221; button_border_radius=&#8221;100px&#8221; button_icon=&#8221;%%20%%&#8221;][\/et_pb_button][\/et_pb_column][\/et_pb_row][\/et_pb_section]<\/p>\n","protected":false},"excerpt":{"rendered":"<p>Conductive EducationConductive Education is a concept used to support and guide individuals with different neurological disabilites. The aim is to help individuals get better understanding of their body and use their capabilities. Conductive Education enables individuals to be their best selves.Individual steps towards independenceConductive Education is always based on each individual and the personal abilities, [&hellip;]<\/p>\n","protected":false},"author":4,"featured_media":0,"parent":0,"menu_order":0,"comment_status":"closed","ping_status":"closed","template":"","meta":{"_et_pb_use_builder":"on","_et_pb_old_content":"","_et_gb_content_width":"","footnotes":""},"class_list":["post-82","page","type-page","status-publish","hentry"],"yoast_head":"<!-- This site is optimized with the Yoast SEO plugin v27.4 - https:\/\/yoast.com\/product\/yoast-seo-wordpress\/ -->\n<title>ConductMe - Conductive Education - cognitive and social development<\/title>\n<meta name=\"description\" content=\"We share our experience over many years of Conductive Education and help you as a Conductor meet the demands of digitalisation.\" \/>\n<meta name=\"robots\" content=\"index, follow, max-snippet:-1, max-image-preview:large, max-video-preview:-1\" \/>\n<link rel=\"canonical\" href=\"https:\/\/conductme.com\/hu\/conductive-education\/\" \/>\n<meta property=\"og:locale\" content=\"hu_HU\" \/>\n<meta property=\"og:type\" content=\"article\" \/>\n<meta property=\"og:title\" content=\"ConductMe - Conductive Education - cognitive and social development\" \/>\n<meta property=\"og:description\" content=\"We share our experience over many years of Conductive Education and help you as a Conductor meet the demands of digitalisation.\" \/>\n<meta property=\"og:url\" content=\"https:\/\/conductme.com\/hu\/conductive-education\/\" \/>\n<meta property=\"og:site_name\" content=\"ConductMe\" \/>\n<meta property=\"article:modified_time\" content=\"2021-05-28T07:39:03+00:00\" \/>\n<meta name=\"twitter:card\" content=\"summary_large_image\" \/>\n<meta name=\"twitter:label1\" content=\"Becs\u00fclt olvas\u00e1si id\u0151\" \/>\n\t<meta name=\"twitter:data1\" content=\"6 perc\" \/>\n<script type=\"application\/ld+json\" class=\"yoast-schema-graph\">{\"@context\":\"https:\\\/\\\/schema.org\",\"@graph\":[{\"@type\":\"WebPage\",\"@id\":\"https:\\\/\\\/conductme.com\\\/conductive-education\\\/\",\"url\":\"https:\\\/\\\/conductme.com\\\/conductive-education\\\/\",\"name\":\"ConductMe - Conductive Education - cognitive and social development\",\"isPartOf\":{\"@id\":\"https:\\\/\\\/conductme.com\\\/#website\"},\"datePublished\":\"2020-04-20T13:13:29+00:00\",\"dateModified\":\"2021-05-28T07:39:03+00:00\",\"description\":\"We share our experience over many years of Conductive Education and help you as a Conductor meet the demands of digitalisation.\",\"breadcrumb\":{\"@id\":\"https:\\\/\\\/conductme.com\\\/conductive-education\\\/#breadcrumb\"},\"inLanguage\":\"hu\",\"potentialAction\":[{\"@type\":\"ReadAction\",\"target\":[\"https:\\\/\\\/conductme.com\\\/conductive-education\\\/\"]}]},{\"@type\":\"BreadcrumbList\",\"@id\":\"https:\\\/\\\/conductme.com\\\/conductive-education\\\/#breadcrumb\",\"itemListElement\":[{\"@type\":\"ListItem\",\"position\":1,\"name\":\"Home\",\"item\":\"https:\\\/\\\/conductme.com\\\/\"},{\"@type\":\"ListItem\",\"position\":2,\"name\":\"Conductive Education\"}]},{\"@type\":\"WebSite\",\"@id\":\"https:\\\/\\\/conductme.com\\\/#website\",\"url\":\"https:\\\/\\\/conductme.com\\\/\",\"name\":\"ConductMe\",\"description\":\"A digital education service for Conductive Education\",\"potentialAction\":[{\"@type\":\"SearchAction\",\"target\":{\"@type\":\"EntryPoint\",\"urlTemplate\":\"https:\\\/\\\/conductme.com\\\/?s={search_term_string}\"},\"query-input\":{\"@type\":\"PropertyValueSpecification\",\"valueRequired\":true,\"valueName\":\"search_term_string\"}}],\"inLanguage\":\"hu\"}]}<\/script>\n<!-- \/ Yoast SEO plugin. -->","yoast_head_json":{"title":"ConductMe - Conductive Education - cognitive and social development","description":"We share our experience over many years of Conductive Education and help you as a Conductor meet the demands of digitalisation.","robots":{"index":"index","follow":"follow","max-snippet":"max-snippet:-1","max-image-preview":"max-image-preview:large","max-video-preview":"max-video-preview:-1"},"canonical":"https:\/\/conductme.com\/hu\/conductive-education\/","og_locale":"hu_HU","og_type":"article","og_title":"ConductMe - Conductive Education - cognitive and social development","og_description":"We share our experience over many years of Conductive Education and help you as a Conductor meet the demands of digitalisation.","og_url":"https:\/\/conductme.com\/hu\/conductive-education\/","og_site_name":"ConductMe","article_modified_time":"2021-05-28T07:39:03+00:00","twitter_card":"summary_large_image","twitter_misc":{"Becs\u00fclt olvas\u00e1si id\u0151":"6 perc"},"schema":{"@context":"https:\/\/schema.org","@graph":[{"@type":"WebPage","@id":"https:\/\/conductme.com\/conductive-education\/","url":"https:\/\/conductme.com\/conductive-education\/","name":"ConductMe - Conductive Education - cognitive and social development","isPartOf":{"@id":"https:\/\/conductme.com\/#website"},"datePublished":"2020-04-20T13:13:29+00:00","dateModified":"2021-05-28T07:39:03+00:00","description":"We share our experience over many years of Conductive Education and help you as a Conductor meet the demands of digitalisation.","breadcrumb":{"@id":"https:\/\/conductme.com\/conductive-education\/#breadcrumb"},"inLanguage":"hu","potentialAction":[{"@type":"ReadAction","target":["https:\/\/conductme.com\/conductive-education\/"]}]},{"@type":"BreadcrumbList","@id":"https:\/\/conductme.com\/conductive-education\/#breadcrumb","itemListElement":[{"@type":"ListItem","position":1,"name":"Home","item":"https:\/\/conductme.com\/"},{"@type":"ListItem","position":2,"name":"Conductive Education"}]},{"@type":"WebSite","@id":"https:\/\/conductme.com\/#website","url":"https:\/\/conductme.com\/","name":"ConductMe","description":"A digital education service for Conductive Education","potentialAction":[{"@type":"SearchAction","target":{"@type":"EntryPoint","urlTemplate":"https:\/\/conductme.com\/?s={search_term_string}"},"query-input":{"@type":"PropertyValueSpecification","valueRequired":true,"valueName":"search_term_string"}}],"inLanguage":"hu"}]}},"_links":{"self":[{"href":"https:\/\/conductme.com\/hu\/wp-json\/wp\/v2\/pages\/82","targetHints":{"allow":["GET"]}}],"collection":[{"href":"https:\/\/conductme.com\/hu\/wp-json\/wp\/v2\/pages"}],"about":[{"href":"https:\/\/conductme.com\/hu\/wp-json\/wp\/v2\/types\/page"}],"author":[{"embeddable":true,"href":"https:\/\/conductme.com\/hu\/wp-json\/wp\/v2\/users\/4"}],"replies":[{"embeddable":true,"href":"https:\/\/conductme.com\/hu\/wp-json\/wp\/v2\/comments?post=82"}],"version-history":[{"count":69,"href":"https:\/\/conductme.com\/hu\/wp-json\/wp\/v2\/pages\/82\/revisions"}],"predecessor-version":[{"id":3920,"href":"https:\/\/conductme.com\/hu\/wp-json\/wp\/v2\/pages\/82\/revisions\/3920"}],"wp:attachment":[{"href":"https:\/\/conductme.com\/hu\/wp-json\/wp\/v2\/media?parent=82"}],"curies":[{"name":"wp","href":"https:\/\/api.w.org\/{rel}","templated":true}]}}