{"id":758,"date":"2020-06-09T06:47:43","date_gmt":"2020-06-09T06:47:43","guid":{"rendered":"https:\/\/conductme.com\/?page_id=758"},"modified":"2020-06-15T09:11:45","modified_gmt":"2020-06-15T09:11:45","slug":"coming-soon","status":"publish","type":"page","link":"https:\/\/conductme.com\/hu\/coming-soon\/","title":{"rendered":"Coming Soon"},"content":{"rendered":"<p>[et_pb_section fb_built=&#8221;1&#8243; custom_padding_last_edited=&#8221;on|desktop&#8221; next_background_color=&#8221;#ffffff&#8221; admin_label=&#8221;Hero&#8221; _builder_version=&#8221;4.4.2&#8243; use_background_color_gradient=&#8221;on&#8221; background_color_gradient_start=&#8221;#ef3e6b&#8221; background_color_gradient_end=&#8221;#83d2e2&#8243; background_color_gradient_direction=&#8221;1deg&#8221; module_alignment=&#8221;center&#8221; custom_padding=&#8221;70px|0px|70px|0px|false|false&#8221; custom_padding_tablet=&#8221;60px||75px||false|false&#8221; custom_padding_phone=&#8221;35px|0px|35px|0px|false|false&#8221; bottom_divider_style=&#8221;slant2&#8243;][et_pb_row custom_padding_last_edited=&#8221;on|phone&#8221; _builder_version=&#8221;4.4.2&#8243; width=&#8221;55%&#8221; width_tablet=&#8221;80%&#8221; width_phone=&#8221;80%&#8221; width_last_edited=&#8221;on|phone&#8221; module_alignment=&#8221;center&#8221; custom_padding=&#8221;25px||||false|false&#8221; custom_padding_tablet=&#8221;&#8221; custom_padding_phone=&#8221;15px||||false|false&#8221;][et_pb_column type=&#8221;4_4&#8243; _builder_version=&#8221;4.4.2&#8243; custom_padding=&#8221;||||false|false&#8221; custom_padding__hover=&#8221;|||&#8221;][et_pb_image src=&#8221;https:\/\/conductme.com\/wp-content\/uploads\/2020\/06\/Logo_ConductMe_800.png&#8221; _builder_version=&#8221;4.4.2&#8243; width=&#8221;75%&#8221; module_alignment=&#8221;center&#8221; custom_padding=&#8221;||15px||false|false&#8221; width__hover_enabled=&#8221;on|desktop&#8221;][\/et_pb_image][et_pb_text _builder_version=&#8221;4.4.2&#8243; text_font=&#8221;|600|||||||&#8221; text_font_size=&#8221;15px&#8221; text_line_height=&#8221;1.8em&#8221; header_font=&#8221;Open Sans||||||||&#8221; header_text_align=&#8221;center&#8221; header_line_height=&#8221;1.2em&#8221; text_orientation=&#8221;center&#8221; background_layout=&#8221;dark&#8221; module_alignment=&#8221;center&#8221; custom_margin=&#8221;0px||||false|false&#8221; custom_padding=&#8221;5px||||false|false&#8221; header_font_tablet=&#8221;&#8221; header_font_phone=&#8221;&#8221; header_font_last_edited=&#8221;on|phone&#8221; header_font_size_tablet=&#8221;&#8221; header_font_size_phone=&#8221;40px&#8221; header_font_size_last_edited=&#8221;on|phone&#8221;]<\/p>\n<h1>Coming Soon!<\/h1>\n<p>[\/et_pb_text][et_pb_text _builder_version=&#8221;4.4.2&#8243; text_font=&#8221;|600|||||||&#8221; text_font_size=&#8221;15px&#8221; text_line_height=&#8221;1.8em&#8221; header_font=&#8221;Open Sans||||||||&#8221; header_text_align=&#8221;center&#8221; header_line_height=&#8221;1.2em&#8221; header_3_line_height=&#8221;1.6em&#8221; text_orientation=&#8221;center&#8221; background_layout=&#8221;dark&#8221; module_alignment=&#8221;center&#8221; custom_margin=&#8221;||||false|false&#8221; custom_padding=&#8221;||20px||false|false&#8221; custom_padding_tablet=&#8221;&#8221; custom_padding_phone=&#8221;||5px||false|false&#8221; custom_padding_last_edited=&#8221;on|phone&#8221; header_font_size_tablet=&#8221;&#8221; header_font_size_phone=&#8221;&#8221; header_font_size_last_edited=&#8221;on|phone&#8221; header_3_font_size_tablet=&#8221;&#8221; header_3_font_size_phone=&#8221;15px&#8221; header_3_font_size_last_edited=&#8221;on|phone&#8221;]<\/p>\n<h3>ConductMe \u2013 digital and educational services helping Conductive Educational organisations and professionals to meet the demands of digitalisation.<\/h3>\n<p>&nbsp;<\/p>\n<h3><span>Sharing knowledge is the key to a brighter future.<\/span><\/h3>\n<p>[\/et_pb_text][et_pb_divider color=&#8221;#ffffff&#8221; _builder_version=&#8221;4.4.2&#8243; width=&#8221;70%&#8221; module_alignment=&#8221;center&#8221; custom_padding_tablet=&#8221;&#8221; custom_padding_phone=&#8221;||||false|false&#8221; custom_padding_last_edited=&#8221;on|phone&#8221;][\/et_pb_divider][\/et_pb_column][\/et_pb_row][et_pb_row custom_padding_last_edited=&#8221;on|desktop&#8221; _builder_version=&#8221;4.4.2&#8243; width=&#8221;45%&#8221; width_tablet=&#8221;64%&#8221; width_phone=&#8221;75%&#8221; width_last_edited=&#8221;on|phone&#8221; module_alignment=&#8221;center&#8221; custom_padding=&#8221;10px||||false|false&#8221; custom_padding_tablet=&#8221;&#8221; custom_padding_phone=&#8221;&#8221;][et_pb_column type=&#8221;4_4&#8243; _builder_version=&#8221;4.4.2&#8243; custom_padding=&#8221;||70px||false|false&#8221; custom_padding_tablet=&#8221;&#8221; custom_padding_phone=&#8221;&#8221; custom_padding_last_edited=&#8221;on|desktop&#8221; custom_padding__hover=&#8221;|||&#8221;][et_pb_text _builder_version=&#8221;4.4.2&#8243; text_font=&#8221;|600|||||||&#8221; text_font_size=&#8221;15px&#8221; text_line_height=&#8221;1.8em&#8221; header_font=&#8221;Open Sans||||||||&#8221; header_font_size=&#8221;35px&#8221; header_line_height=&#8221;1.2em&#8221; text_orientation=&#8221;center&#8221; background_layout=&#8221;dark&#8221; module_alignment=&#8221;center&#8221; custom_margin=&#8221;||||false|false&#8221; custom_padding=&#8221;||15px||false|false&#8221; custom_padding_tablet=&#8221;&#8221; custom_padding_phone=&#8221;||||false|false&#8221; custom_padding_last_edited=&#8221;on|phone&#8221; header_font_size_tablet=&#8221;&#8221; header_font_size_phone=&#8221;23px&#8221; header_font_size_last_edited=&#8221;on|phone&#8221;]<\/p>\n<h1>Sign up to be the first to know when we launch.<\/h1>\n<p>[\/et_pb_text][et_pb_contact_form captcha=&#8221;off&#8221; email=&#8221;info@conductme.com&#8221; custom_message=&#8221;Hi! ||et_pb_line_break_holder||I want to know more about ConductMe.||et_pb_line_break_holder||||et_pb_line_break_holder||Name: %%Name%%||et_pb_line_break_holder||Email: %%Email%%&#8221; submit_button_text=&#8221;Notify Me!&#8221; _builder_version=&#8221;4.4.2&#8243; custom_button=&#8221;on&#8221; button_text_color=&#8221;#ffffff&#8221; button_border_radius=&#8221;30px&#8221; button_custom_margin=&#8221;6px||||false|false&#8221; button_custom_margin_tablet=&#8221;3px||||false|false&#8221; button_custom_margin_phone=&#8221;7px||||false|false&#8221; button_custom_margin_last_edited=&#8221;on|phone&#8221; custom_padding=&#8221;|100px||100px|false|false&#8221; custom_padding_tablet=&#8221;|50px||50px|false|false&#8221; custom_padding_phone=&#8221;|15px||15px|false|false&#8221; custom_padding_last_edited=&#8221;on|tablet&#8221; hover_enabled=&#8221;0&#8243; form_field_text_align_tablet=&#8221;&#8221; form_field_text_align_phone=&#8221;left&#8221; form_field_text_align_last_edited=&#8221;on|phone&#8221; button_text_size_tablet=&#8221;&#8221; button_text_size_phone=&#8221;18px&#8221; button_text_size_last_edited=&#8221;on|phone&#8221;][et_pb_contact_field field_id=&#8221;Name&#8221; field_title=&#8221;Name&#8221; fullwidth_field=&#8221;on&#8221; _builder_version=&#8221;4.4.2&#8243; form_field_background_color=&#8221;#ffffff&#8221; border_radii=&#8221;on|25px|25px|25px|25px&#8221; button_text_size__hover_enabled=&#8221;off&#8221; button_one_text_size__hover_enabled=&#8221;off&#8221; button_two_text_size__hover_enabled=&#8221;off&#8221; button_text_color__hover_enabled=&#8221;off&#8221; button_one_text_color__hover_enabled=&#8221;off&#8221; button_two_text_color__hover_enabled=&#8221;off&#8221; button_border_width__hover_enabled=&#8221;off&#8221; button_one_border_width__hover_enabled=&#8221;off&#8221; button_two_border_width__hover_enabled=&#8221;off&#8221; button_border_color__hover_enabled=&#8221;off&#8221; button_one_border_color__hover_enabled=&#8221;off&#8221; button_two_border_color__hover_enabled=&#8221;off&#8221; button_border_radius__hover_enabled=&#8221;off&#8221; button_one_border_radius__hover_enabled=&#8221;off&#8221; button_two_border_radius__hover_enabled=&#8221;off&#8221; button_letter_spacing__hover_enabled=&#8221;off&#8221; button_one_letter_spacing__hover_enabled=&#8221;off&#8221; button_two_letter_spacing__hover_enabled=&#8221;off&#8221; button_bg_color__hover_enabled=&#8221;off&#8221; button_one_bg_color__hover_enabled=&#8221;off&#8221; button_two_bg_color__hover_enabled=&#8221;off&#8221;][\/et_pb_contact_field][et_pb_contact_field field_id=&#8221;Email&#8221; field_title=&#8221;Email&#8221; field_type=&#8221;email&#8221; fullwidth_field=&#8221;on&#8221; _builder_version=&#8221;4.4.2&#8243; form_field_background_color=&#8221;#ffffff&#8221; border_radii=&#8221;on|25px|25px|25px|25px&#8221; button_text_size__hover_enabled=&#8221;off&#8221; button_one_text_size__hover_enabled=&#8221;off&#8221; button_two_text_size__hover_enabled=&#8221;off&#8221; button_text_color__hover_enabled=&#8221;off&#8221; button_one_text_color__hover_enabled=&#8221;off&#8221; button_two_text_color__hover_enabled=&#8221;off&#8221; button_border_width__hover_enabled=&#8221;off&#8221; button_one_border_width__hover_enabled=&#8221;off&#8221; button_two_border_width__hover_enabled=&#8221;off&#8221; button_border_color__hover_enabled=&#8221;off&#8221; button_one_border_color__hover_enabled=&#8221;off&#8221; button_two_border_color__hover_enabled=&#8221;off&#8221; button_border_radius__hover_enabled=&#8221;off&#8221; button_one_border_radius__hover_enabled=&#8221;off&#8221; button_two_border_radius__hover_enabled=&#8221;off&#8221; button_letter_spacing__hover_enabled=&#8221;off&#8221; button_one_letter_spacing__hover_enabled=&#8221;off&#8221; button_two_letter_spacing__hover_enabled=&#8221;off&#8221; button_bg_color__hover_enabled=&#8221;off&#8221; button_one_bg_color__hover_enabled=&#8221;off&#8221; button_two_bg_color__hover_enabled=&#8221;off&#8221;][\/et_pb_contact_field][et_pb_contact_field field_id=&#8221;Checkbox&#8221; field_title=&#8221; &#8221; field_type=&#8221;checkbox&#8221; checkbox_options=&#8221;%91{%22value%22:%22By signing up I agree to ConductMe&#8217;s %22,%22checked%22:0,%22dragID%22:-1,%22link_url%22:%22https:\/\/conductme.com\/privacy-policy\/%22,%22link_text%22:%22Privacy Policy%22}%93&#8243; fullwidth_field=&#8221;on&#8221; _builder_version=&#8221;4.4.2&#8243; form_field_background_color=&#8221;#ffffff&#8221; form_field_text_color=&#8221;#303030&#8243; form_field_focus_background_color=&#8221;rgba(0,0,0,0)&#8221; form_field_focus_text_color=&#8221;rgba(0,0,0,0)&#8221; form_field_text_align=&#8221;left&#8221; form_field_font_size=&#8221;15px&#8221; form_field_line_height=&#8221;1em&#8221; text_orientation=&#8221;left&#8221; hover_enabled=&#8221;0&#8243; border_radii=&#8221;on|25px|25px|25px|25px&#8221; button_text_size__hover_enabled=&#8221;off&#8221; button_one_text_size__hover_enabled=&#8221;off&#8221; button_two_text_size__hover_enabled=&#8221;off&#8221; button_text_color__hover_enabled=&#8221;off&#8221; button_one_text_color__hover_enabled=&#8221;off&#8221; button_two_text_color__hover_enabled=&#8221;off&#8221; button_border_width__hover_enabled=&#8221;off&#8221; button_one_border_width__hover_enabled=&#8221;off&#8221; button_two_border_width__hover_enabled=&#8221;off&#8221; button_border_color__hover_enabled=&#8221;off&#8221; button_one_border_color__hover_enabled=&#8221;off&#8221; button_two_border_color__hover_enabled=&#8221;off&#8221; button_border_radius__hover_enabled=&#8221;off&#8221; button_one_border_radius__hover_enabled=&#8221;off&#8221; button_two_border_radius__hover_enabled=&#8221;off&#8221; button_letter_spacing__hover_enabled=&#8221;off&#8221; button_one_letter_spacing__hover_enabled=&#8221;off&#8221; button_two_letter_spacing__hover_enabled=&#8221;off&#8221; button_bg_color__hover_enabled=&#8221;off&#8221; button_one_bg_color__hover_enabled=&#8221;off&#8221; button_two_bg_color__hover_enabled=&#8221;off&#8221;][\/et_pb_contact_field][\/et_pb_contact_form][\/et_pb_column][\/et_pb_row][\/et_pb_section]<\/p>\n","protected":false},"excerpt":{"rendered":"<p>Coming Soon!ConductMe \u2013 digital and educational services helping Conductive Educational organisations and professionals to meet the demands of digitalisation. &nbsp; Sharing knowledge is the key to a brighter future.Sign up to be the first to know when we launch.<\/p>","protected":false},"author":4,"featured_media":0,"parent":0,"menu_order":0,"comment_status":"closed","ping_status":"closed","template":"page-template-blank.php","meta":{"_et_pb_use_builder":"on","_et_pb_old_content":"","_et_gb_content_width":"","footnotes":""},"class_list":["post-758","page","type-page","status-publish","hentry"],"yoast_head":"<!-- This site is optimized with the Yoast SEO plugin v27.4 - https:\/\/yoast.com\/product\/yoast-seo-wordpress\/ -->\n<title>Coming Soon - ConductMe<\/title>\n<meta name=\"robots\" content=\"index, follow, max-snippet:-1, max-image-preview:large, max-video-preview:-1\" \/>\n<link rel=\"canonical\" href=\"https:\/\/conductme.com\/hu\/coming-soon\/\" \/>\n<meta property=\"og:locale\" content=\"hu_HU\" \/>\n<meta property=\"og:type\" content=\"article\" \/>\n<meta property=\"og:title\" content=\"Coming Soon - ConductMe\" \/>\n<meta property=\"og:description\" content=\"Coming Soon!ConductMe \u2013 digital and educational services helping Conductive Educational organisations and professionals to meet the demands of digitalisation. &nbsp; Sharing knowledge is the key to a brighter future.Sign up to be the first to know when we launch.\" \/>\n<meta property=\"og:url\" content=\"https:\/\/conductme.com\/hu\/coming-soon\/\" \/>\n<meta property=\"og:site_name\" content=\"ConductMe\" \/>\n<meta property=\"article:modified_time\" content=\"2020-06-15T09:11:45+00:00\" \/>\n<meta name=\"twitter:card\" content=\"summary_large_image\" \/>\n<meta name=\"twitter:label1\" content=\"Becs\u00fclt olvas\u00e1si id\u0151\" \/>\n\t<meta name=\"twitter:data1\" content=\"6 perc\" \/>\n<script type=\"application\/ld+json\" class=\"yoast-schema-graph\">{\"@context\":\"https:\\\/\\\/schema.org\",\"@graph\":[{\"@type\":\"WebPage\",\"@id\":\"https:\\\/\\\/conductme.com\\\/coming-soon\\\/\",\"url\":\"https:\\\/\\\/conductme.com\\\/coming-soon\\\/\",\"name\":\"Coming Soon - ConductMe\",\"isPartOf\":{\"@id\":\"https:\\\/\\\/conductme.com\\\/#website\"},\"datePublished\":\"2020-06-09T06:47:43+00:00\",\"dateModified\":\"2020-06-15T09:11:45+00:00\",\"breadcrumb\":{\"@id\":\"https:\\\/\\\/conductme.com\\\/coming-soon\\\/#breadcrumb\"},\"inLanguage\":\"hu\",\"potentialAction\":[{\"@type\":\"ReadAction\",\"target\":[\"https:\\\/\\\/conductme.com\\\/coming-soon\\\/\"]}]},{\"@type\":\"BreadcrumbList\",\"@id\":\"https:\\\/\\\/conductme.com\\\/coming-soon\\\/#breadcrumb\",\"itemListElement\":[{\"@type\":\"ListItem\",\"position\":1,\"name\":\"Home\",\"item\":\"https:\\\/\\\/conductme.com\\\/\"},{\"@type\":\"ListItem\",\"position\":2,\"name\":\"Coming Soon\"}]},{\"@type\":\"WebSite\",\"@id\":\"https:\\\/\\\/conductme.com\\\/#website\",\"url\":\"https:\\\/\\\/conductme.com\\\/\",\"name\":\"ConductMe\",\"description\":\"A digital education service for Conductive Education\",\"potentialAction\":[{\"@type\":\"SearchAction\",\"target\":{\"@type\":\"EntryPoint\",\"urlTemplate\":\"https:\\\/\\\/conductme.com\\\/?s={search_term_string}\"},\"query-input\":{\"@type\":\"PropertyValueSpecification\",\"valueRequired\":true,\"valueName\":\"search_term_string\"}}],\"inLanguage\":\"hu\"}]}<\/script>\n<!-- \/ Yoast SEO plugin. -->","yoast_head_json":{"title":"Coming Soon - ConductMe","robots":{"index":"index","follow":"follow","max-snippet":"max-snippet:-1","max-image-preview":"max-image-preview:large","max-video-preview":"max-video-preview:-1"},"canonical":"https:\/\/conductme.com\/hu\/coming-soon\/","og_locale":"hu_HU","og_type":"article","og_title":"Coming Soon - ConductMe","og_description":"Coming Soon!ConductMe \u2013 digital and educational services helping Conductive Educational organisations and professionals to meet the demands of digitalisation. &nbsp; Sharing knowledge is the key to a brighter future.Sign up to be the first to know when we launch.","og_url":"https:\/\/conductme.com\/hu\/coming-soon\/","og_site_name":"ConductMe","article_modified_time":"2020-06-15T09:11:45+00:00","twitter_card":"summary_large_image","twitter_misc":{"Becs\u00fclt olvas\u00e1si id\u0151":"6 perc"},"schema":{"@context":"https:\/\/schema.org","@graph":[{"@type":"WebPage","@id":"https:\/\/conductme.com\/coming-soon\/","url":"https:\/\/conductme.com\/coming-soon\/","name":"Coming Soon - ConductMe","isPartOf":{"@id":"https:\/\/conductme.com\/#website"},"datePublished":"2020-06-09T06:47:43+00:00","dateModified":"2020-06-15T09:11:45+00:00","breadcrumb":{"@id":"https:\/\/conductme.com\/coming-soon\/#breadcrumb"},"inLanguage":"hu","potentialAction":[{"@type":"ReadAction","target":["https:\/\/conductme.com\/coming-soon\/"]}]},{"@type":"BreadcrumbList","@id":"https:\/\/conductme.com\/coming-soon\/#breadcrumb","itemListElement":[{"@type":"ListItem","position":1,"name":"Home","item":"https:\/\/conductme.com\/"},{"@type":"ListItem","position":2,"name":"Coming Soon"}]},{"@type":"WebSite","@id":"https:\/\/conductme.com\/#website","url":"https:\/\/conductme.com\/","name":"ConductMe","description":"A digital education service for Conductive Education","potentialAction":[{"@type":"SearchAction","target":{"@type":"EntryPoint","urlTemplate":"https:\/\/conductme.com\/?s={search_term_string}"},"query-input":{"@type":"PropertyValueSpecification","valueRequired":true,"valueName":"search_term_string"}}],"inLanguage":"hu"}]}},"_links":{"self":[{"href":"https:\/\/conductme.com\/hu\/wp-json\/wp\/v2\/pages\/758","targetHints":{"allow":["GET"]}}],"collection":[{"href":"https:\/\/conductme.com\/hu\/wp-json\/wp\/v2\/pages"}],"about":[{"href":"https:\/\/conductme.com\/hu\/wp-json\/wp\/v2\/types\/page"}],"author":[{"embeddable":true,"href":"https:\/\/conductme.com\/hu\/wp-json\/wp\/v2\/users\/4"}],"replies":[{"embeddable":true,"href":"https:\/\/conductme.com\/hu\/wp-json\/wp\/v2\/comments?post=758"}],"version-history":[{"count":30,"href":"https:\/\/conductme.com\/hu\/wp-json\/wp\/v2\/pages\/758\/revisions"}],"predecessor-version":[{"id":1011,"href":"https:\/\/conductme.com\/hu\/wp-json\/wp\/v2\/pages\/758\/revisions\/1011"}],"wp:attachment":[{"href":"https:\/\/conductme.com\/hu\/wp-json\/wp\/v2\/media?parent=758"}],"curies":[{"name":"wp","href":"https:\/\/api.w.org\/{rel}","templated":true}]}}