{"id":1757,"date":"2021-04-28T13:17:01","date_gmt":"2021-04-28T13:17:01","guid":{"rendered":"https:\/\/conductme.com\/?page_id=1757"},"modified":"2023-02-16T09:26:01","modified_gmt":"2023-02-16T09:26:01","slug":"partners","status":"publish","type":"page","link":"https:\/\/conductme.com\/hu\/partners\/","title":{"rendered":"Partnerek"},"content":{"rendered":"<p>[et_pb_section fb_built=&#8221;1&#8243; custom_padding_last_edited=&#8221;on|desktop&#8221; admin_label=&#8221;Hero&#8221; _builder_version=&#8221;4.5.3&#8243; use_background_color_gradient=&#8221;on&#8221; background_color_gradient_start=&#8221;#4D555B&#8221; background_color_gradient_end=&#8221;#8552A1&#8243; background_color_gradient_direction=&#8221;1deg&#8221; background_enable_image=&#8221;off&#8221; module_alignment=&#8221;center&#8221; min_height=&#8221;350px&#8221; custom_padding=&#8221;70px|0px|0px|0px|false|false&#8221; custom_padding_tablet=&#8221;60px||75px||false|false&#8221; custom_padding_phone=&#8221;35px|0px|35px|0px|false|false&#8221;][et_pb_row custom_padding_last_edited=&#8221;on|phone&#8221; _builder_version=&#8221;4.5.3&#8243; width=&#8221;55%&#8221; width_tablet=&#8221;80%&#8221; width_phone=&#8221;80%&#8221; width_last_edited=&#8221;on|phone&#8221; module_alignment=&#8221;center&#8221; custom_margin=&#8221;|auto|-17px|auto||&#8221; custom_padding=&#8221;25px||||false|false&#8221; custom_padding_tablet=&#8221;&#8221; custom_padding_phone=&#8221;15px||||false|false&#8221;][et_pb_column type=&#8221;4_4&#8243; _builder_version=&#8221;4.4.2&#8243; custom_padding=&#8221;||||false|false&#8221; custom_padding__hover=&#8221;|||&#8221;][et_pb_text _builder_version=&#8221;4.5.3&#8243; text_font=&#8221;|600|||||||&#8221; text_text_color=&#8221;#ffffff&#8221; text_font_size=&#8221;16px&#8221; text_line_height=&#8221;1.8em&#8221; header_font=&#8221;Open Sans||||||||&#8221; header_text_align=&#8221;center&#8221; header_line_height=&#8221;1.2em&#8221; header_3_line_height=&#8221;1.6em&#8221; text_orientation=&#8221;center&#8221; background_layout=&#8221;dark&#8221; module_alignment=&#8221;center&#8221; min_height=&#8221;251px&#8221; custom_margin=&#8221;||||false|false&#8221; custom_padding=&#8221;30px||||false|false&#8221; custom_padding_phone=&#8221;||5px||false|false&#8221; custom_padding_last_edited=&#8221;off|desktop&#8221; header_font_size_tablet=&#8221;&#8221; header_font_size_phone=&#8221;&#8221; header_font_size_last_edited=&#8221;on|phone&#8221; header_3_font_size_tablet=&#8221;&#8221; header_3_font_size_phone=&#8221;15px&#8221; header_3_font_size_last_edited=&#8221;on|phone&#8221; text_text_shadow_style=&#8221;preset3&#8243;]<\/p>\n<h1><strong>Partners<\/strong><\/h1>\n<p>[\/et_pb_text][\/et_pb_column][\/et_pb_row][\/et_pb_section][et_pb_section fb_built=&#8221;1&#8243; _builder_version=&#8221;4.5.3&#8243; _module_preset=&#8221;default&#8221; custom_padding=&#8221;3px||0px|||&#8221;][et_pb_row _builder_version=&#8221;4.5.3&#8243; _module_preset=&#8221;default&#8221; custom_padding=&#8221;50px|||||&#8221;][et_pb_column type=&#8221;4_4&#8243; _builder_version=&#8221;4.5.3&#8243; _module_preset=&#8221;default&#8221;][et_pb_text _builder_version=&#8221;4.5.3&#8243; _module_preset=&#8221;default&#8221; text_font_size=&#8221;21px&#8221; text_line_height=&#8221;1.3em&#8221; width=&#8221;86%&#8221; module_alignment=&#8221;center&#8221;]<\/p>\n<p style=\"text-align: center;\">We believe in making Conductive Education available for everyone around the world &#8211; to learn, share, connect and develop together. This would not be possible without our partners or heroes as we also call them. Our partners are conductors, organizations, institutes and businesses working with the concept of Conductive Education. We share the same goal &#8211; to spread and strengthen Conductive Education, for all individuals equal value.<\/p>\n<p>[\/et_pb_text][\/et_pb_column][\/et_pb_row][\/et_pb_section][et_pb_section fb_built=&#8221;1&#8243; _builder_version=&#8221;4.5.3&#8243; _module_preset=&#8221;default&#8221; custom_padding=&#8221;||0px|||&#8221;][et_pb_row column_structure=&#8221;1_2,1_2&#8243; _builder_version=&#8221;4.5.3&#8243; _module_preset=&#8221;default&#8221; width=&#8221;100%&#8221; max_width=&#8221;1535px&#8221;][et_pb_column type=&#8221;1_2&#8243; _builder_version=&#8221;4.5.3&#8243; _module_preset=&#8221;default&#8221;][et_pb_image src=&#8221;https:\/\/conductme.com\/wp-content\/uploads\/2020\/04\/sigvardsson_130925_0505.jpg&#8221; alt=&#8221;Move &#038; Walk Imagebilder&#8221; title_text=&#8221;Move &#038; Walk Imagebilder&#8221; _builder_version=&#8221;4.5.3&#8243; _module_preset=&#8221;default&#8221; width=&#8221;83%&#8221; module_alignment=&#8221;center&#8221;][\/et_pb_image][\/et_pb_column][et_pb_column type=&#8221;1_2&#8243; _builder_version=&#8221;4.5.3&#8243; _module_preset=&#8221;default&#8221;][et_pb_text _builder_version=&#8221;4.5.3&#8243; _module_preset=&#8221;default&#8221; text_font=&#8221;|700|||||||&#8221; text_font_size=&#8221;25px&#8221; text_line_height=&#8221;1.3em&#8221; custom_margin=&#8221;||19px|||&#8221;]<\/p>\n<p>The advantages of being a partner of ConductMe<\/p>\n<p>[\/et_pb_text][et_pb_text _builder_version=&#8221;4.5.3&#8243; _module_preset=&#8221;default&#8221; text_font_size=&#8221;20px&#8221; text_line_height=&#8221;1.3em&#8221; width=&#8221;100%&#8221;]<\/p>\n<ul>\n<li>Access to digital infrastructure to hold events, meetings and forums<\/li>\n<li>Possibility to reach, connect and invite people from all corners of the world<\/li>\n<li>Market your brand, organization, business, institute and\/or professionals<\/li>\n<li>Get in contact with existing or new clients and their families<\/li>\n<li>Participate in conferences, webinars and forum for further education and develop the method of Conductive Education<\/li>\n<li>Find inspiration for developing their own organization<\/li>\n<\/ul>\n<p>[\/et_pb_text][et_pb_button button_url=&#8221;@ET-DC@eyJkeW5hbWljIjp0cnVlLCJjb250ZW50IjoicG9zdF9saW5rX3VybF9wYWdlIiwic2V0dGluZ3MiOnsicG9zdF9pZCI6Ijc3In19@&#8221; button_text=&#8221;I want to be a partner&#8221; _builder_version=&#8221;4.5.3&#8243; _dynamic_attributes=&#8221;button_url&#8221; _module_preset=&#8221;default&#8221; custom_button=&#8221;on&#8221; button_text_color=&#8221;#ffffff&#8221; button_bg_color=&#8221;#F58345&#8243; button_border_color=&#8221;#F58345&#8243; button_border_radius=&#8221;100px&#8221; button_icon=&#8221;%%20%%&#8221;][\/et_pb_button][\/et_pb_column][\/et_pb_row][\/et_pb_section][et_pb_section fb_built=&#8221;1&#8243; _builder_version=&#8221;4.5.3&#8243; _module_preset=&#8221;default&#8221;][et_pb_row column_structure=&#8221;1_2,1_2&#8243; _builder_version=&#8221;4.5.3&#8243; _module_preset=&#8221;default&#8221; width=&#8221;100%&#8221;][et_pb_column type=&#8221;1_2&#8243; _builder_version=&#8221;4.5.3&#8243; _module_preset=&#8221;default&#8221;][et_pb_text _builder_version=&#8221;4.5.3&#8243; _module_preset=&#8221;default&#8221; text_font=&#8221;|700|||||||&#8221; text_font_size=&#8221;25px&#8221; custom_margin=&#8221;||6px|||&#8221;]<\/p>\n<p>Rita T\u00f3th<\/p>\n<p>[\/et_pb_text][et_pb_text _builder_version=&#8221;4.5.3&#8243; _module_preset=&#8221;default&#8221; text_font=&#8221;||||||||&#8221; text_font_size=&#8221;25px&#8221; text_line_height=&#8221;1.3em&#8221;]<\/p>\n<p><em>Head of partnership and communication<\/em><\/p>\n<p>[\/et_pb_text][et_pb_blurb use_icon=&#8221;on&#8221; font_icon=&#8221;%%264%%&#8221; icon_color=&#8221;#8300e9&#8243; use_circle=&#8221;on&#8221; circle_color=&#8221;#ffffff&#8221; use_circle_border=&#8221;on&#8221; circle_border_color=&#8221;#8300e9&#8243; use_icon_font_size=&#8221;on&#8221; icon_font_size=&#8221;28px&#8221; _builder_version=&#8221;4.5.3&#8243; _module_preset=&#8221;default&#8221; body_font=&#8221;|700|||||||&#8221; body_font_size=&#8221;20px&#8221;]<\/p>\n<p>+46 70 830 33 99<\/p>\n<p>[\/et_pb_blurb][et_pb_blurb use_icon=&#8221;on&#8221; font_icon=&#8221;%%153%%&#8221; icon_color=&#8221;#8300e9&#8243; use_icon_font_size=&#8221;on&#8221; icon_font_size=&#8221;45px&#8221; _builder_version=&#8221;4.5.3&#8243; _module_preset=&#8221;default&#8221; body_font=&#8221;|700|||||||&#8221; body_font_size=&#8221;20px&#8221;]<\/p>\n<p>info@conductme.com<\/p>\n<p>[\/et_pb_blurb][\/et_pb_column][et_pb_column type=&#8221;1_2&#8243; _builder_version=&#8221;4.5.3&#8243; _module_preset=&#8221;default&#8221;][et_pb_image src=&#8221;https:\/\/conductme.com\/wp-content\/uploads\/2021\/04\/Rita-mindre.jpg&#8221; title_text=&#8221;Rita mindre&#8221; _builder_version=&#8221;4.5.3&#8243; _module_preset=&#8221;default&#8221; width=&#8221;53%&#8221;][\/et_pb_image][\/et_pb_column][\/et_pb_row][\/et_pb_section][et_pb_section fb_built=&#8221;1&#8243; _builder_version=&#8221;4.5.3&#8243; _module_preset=&#8221;default&#8221; custom_padding=&#8221;||1px|||&#8221;][et_pb_row _builder_version=&#8221;4.5.3&#8243; _module_preset=&#8221;default&#8221;][et_pb_column type=&#8221;4_4&#8243; _builder_version=&#8221;4.5.3&#8243; _module_preset=&#8221;default&#8221;][et_pb_text _builder_version=&#8221;4.5.3&#8243; _module_preset=&#8221;default&#8221; text_font=&#8221;|700|||||||&#8221; text_font_size=&#8221;45px&#8221; text_orientation=&#8221;center&#8221;]<\/p>\n<p>Our partners<\/p>\n<p>[\/et_pb_text][\/et_pb_column][\/et_pb_row][\/et_pb_section][et_pb_section fb_built=&#8221;1&#8243; _builder_version=&#8221;4.5.3&#8243; _module_preset=&#8221;default&#8221;][et_pb_row column_structure=&#8221;1_4,1_4,1_4,1_4&#8243; _builder_version=&#8221;4.5.3&#8243; _module_preset=&#8221;default&#8221;][et_pb_column type=&#8221;1_4&#8243; _builder_version=&#8221;4.5.3&#8243; _module_preset=&#8221;default&#8221;][et_pb_image src=&#8221;https:\/\/conductme.com\/wp-content\/uploads\/2023\/02\/Logo_MoveWalk.png&#8221; title_text=&#8221;Logo_MoveWalk&#8221; _builder_version=&#8221;4.5.3&#8243; _module_preset=&#8221;default&#8221; custom_margin=&#8221;25px||||false|false&#8221; hover_enabled=&#8221;0&#8243;][\/et_pb_image][\/et_pb_column][et_pb_column type=&#8221;1_4&#8243; _builder_version=&#8221;4.5.3&#8243; _module_preset=&#8221;default&#8221;][et_pb_image src=&#8221;https:\/\/conductme.com\/wp-content\/uploads\/2021\/06\/Header-Logo.png&#8221; title_text=&#8221;Header-Logo&#8221; _builder_version=&#8221;4.5.3&#8243; _module_preset=&#8221;default&#8221;][\/et_pb_image][\/et_pb_column][et_pb_column type=&#8221;1_4&#8243; _builder_version=&#8221;4.5.3&#8243; _module_preset=&#8221;default&#8221;][et_pb_image src=&#8221;https:\/\/conductme.com\/wp-content\/uploads\/2021\/10\/Carson-Street-School-Logo.png&#8221; title_text=&#8221;Carson Street School Logo&#8221; _builder_version=&#8221;4.5.3&#8243; _module_preset=&#8221;default&#8221;][\/et_pb_image][\/et_pb_column][et_pb_column type=&#8221;1_4&#8243; _builder_version=&#8221;4.5.3&#8243; _module_preset=&#8221;default&#8221;][et_pb_image src=&#8221;https:\/\/conductme.com\/wp-content\/uploads\/2020\/11\/eca_logo_v04_final-transp.png&#8221; title_text=&#8221;eca_logo_v04_final transp&#8221; _builder_version=&#8221;4.5.3&#8243; _module_preset=&#8221;default&#8221; custom_padding=&#8221;0px|||||&#8221;][\/et_pb_image][\/et_pb_column][\/et_pb_row][et_pb_row column_structure=&#8221;1_4,1_4,1_4,1_4&#8243; _builder_version=&#8221;4.5.3&#8243; _module_preset=&#8221;default&#8221;][et_pb_column type=&#8221;1_4&#8243; _builder_version=&#8221;4.5.3&#8243; _module_preset=&#8221;default&#8221;][et_pb_image src=&#8221;https:\/\/conductme.com\/wp-content\/uploads\/2022\/01\/MicrosoftTeams-image-11.jpg&#8221; title_text=&#8221;MicrosoftTeams-image (11)&#8221; _builder_version=&#8221;4.5.3&#8243; _module_preset=&#8221;default&#8221;][\/et_pb_image][\/et_pb_column][et_pb_column type=&#8221;1_4&#8243; _builder_version=&#8221;4.5.3&#8243; _module_preset=&#8221;default&#8221;][et_pb_image src=&#8221;https:\/\/conductme.com\/wp-content\/uploads\/2022\/01\/MicrosoftTeams-image-12.jpg&#8221; title_text=&#8221;MicrosoftTeams-image (12)&#8221; _builder_version=&#8221;4.5.3&#8243; _module_preset=&#8221;default&#8221;][\/et_pb_image][\/et_pb_column][et_pb_column type=&#8221;1_4&#8243; _builder_version=&#8221;4.5.3&#8243; _module_preset=&#8221;default&#8221;][et_pb_image src=&#8221;https:\/\/conductme.com\/wp-content\/uploads\/2022\/01\/MicrosoftTeams-image-13.jpg&#8221; title_text=&#8221;MicrosoftTeams-image (13)&#8221; _builder_version=&#8221;4.5.3&#8243; _module_preset=&#8221;default&#8221;][\/et_pb_image][\/et_pb_column][et_pb_column type=&#8221;1_4&#8243; _builder_version=&#8221;4.5.3&#8243; _module_preset=&#8221;default&#8221;][et_pb_image src=&#8221;https:\/\/conductme.com\/wp-content\/uploads\/2022\/01\/MicrosoftTeams-image-14.jpg&#8221; title_text=&#8221;MicrosoftTeams-image (14)&#8221; _builder_version=&#8221;4.5.3&#8243; _module_preset=&#8221;default&#8221; custom_margin=&#8221;56px||||false|false&#8221;][\/et_pb_image][\/et_pb_column][\/et_pb_row][et_pb_row column_structure=&#8221;1_3,1_3,1_3&#8243; _builder_version=&#8221;4.5.3&#8243; _module_preset=&#8221;default&#8221;][et_pb_column type=&#8221;1_3&#8243; _builder_version=&#8221;4.5.3&#8243; _module_preset=&#8221;default&#8221;][et_pb_image src=&#8221;https:\/\/conductme.com\/wp-content\/uploads\/2022\/10\/MicrosoftTeams-image-25-scaled.jpg&#8221; title_text=&#8221;Private Schulen Oberaudorf-Inntal&#8221; _builder_version=&#8221;4.5.3&#8243; _module_preset=&#8221;default&#8221; width=&#8221;100%&#8221; min_height=&#8221;47.8px&#8221;][\/et_pb_image][\/et_pb_column][et_pb_column type=&#8221;1_3&#8243; _builder_version=&#8221;4.5.3&#8243; _module_preset=&#8221;default&#8221;][et_pb_image src=&#8221;https:\/\/conductme.com\/wp-content\/uploads\/2022\/10\/MicrosoftTeams-image-23.png&#8221; title_text=&#8221;MicrosoftTeams-image (23)&#8221; _builder_version=&#8221;4.5.3&#8243; _module_preset=&#8221;default&#8221;][\/et_pb_image][\/et_pb_column][et_pb_column type=&#8221;1_3&#8243; _builder_version=&#8221;4.5.3&#8243; _module_preset=&#8221;default&#8221;][et_pb_image src=&#8221;https:\/\/conductme.com\/wp-content\/uploads\/2022\/11\/MicrosoftTeams-image-33.png&#8221; title_text=&#8221;MicrosoftTeams-image (33)&#8221; _builder_version=&#8221;4.5.3&#8243; _module_preset=&#8221;default&#8221;][\/et_pb_image][\/et_pb_column][\/et_pb_row][\/et_pb_section]<\/p>\n","protected":false},"excerpt":{"rendered":"<p>PartnersWe believe in making Conductive Education available for everyone around the world &#8211; to learn, share, connect and develop together. This would not be possible without our partners or heroes as we also call them. Our partners are conductors, organizations, institutes and businesses working with the concept of Conductive Education. We share the same goal [&hellip;]<\/p>\n","protected":false},"author":4,"featured_media":0,"parent":0,"menu_order":0,"comment_status":"closed","ping_status":"closed","template":"","meta":{"_et_pb_use_builder":"on","_et_pb_old_content":"","_et_gb_content_width":"","footnotes":""},"class_list":["post-1757","page","type-page","status-publish","hentry"],"yoast_head":"<!-- This site is optimized with the Yoast SEO plugin v27.4 - https:\/\/yoast.com\/product\/yoast-seo-wordpress\/ -->\n<title>Partners - ConductMe<\/title>\n<meta name=\"robots\" content=\"index, follow, max-snippet:-1, max-image-preview:large, max-video-preview:-1\" \/>\n<link rel=\"canonical\" href=\"https:\/\/conductme.com\/hu\/partners\/\" \/>\n<meta property=\"og:locale\" content=\"hu_HU\" \/>\n<meta property=\"og:type\" content=\"article\" \/>\n<meta property=\"og:title\" content=\"Partners - ConductMe\" \/>\n<meta property=\"og:description\" content=\"PartnersWe believe in making Conductive Education available for everyone around the world - to learn, share, connect and develop together. This would not be possible without our partners or heroes as we also call them. Our partners are conductors, organizations, institutes and businesses working with the concept of Conductive Education. We share the same goal [&hellip;]\" \/>\n<meta property=\"og:url\" content=\"https:\/\/conductme.com\/hu\/partners\/\" \/>\n<meta property=\"og:site_name\" content=\"ConductMe\" \/>\n<meta property=\"article:modified_time\" content=\"2023-02-16T09:26:01+00:00\" \/>\n<meta name=\"twitter:card\" content=\"summary_large_image\" \/>\n<meta name=\"twitter:label1\" content=\"Becs\u00fclt olvas\u00e1si id\u0151\" \/>\n\t<meta name=\"twitter:data1\" content=\"7 perc\" \/>\n<script type=\"application\/ld+json\" class=\"yoast-schema-graph\">{\"@context\":\"https:\\\/\\\/schema.org\",\"@graph\":[{\"@type\":\"WebPage\",\"@id\":\"https:\\\/\\\/conductme.com\\\/partners\\\/\",\"url\":\"https:\\\/\\\/conductme.com\\\/partners\\\/\",\"name\":\"Partners - ConductMe\",\"isPartOf\":{\"@id\":\"https:\\\/\\\/conductme.com\\\/#website\"},\"datePublished\":\"2021-04-28T13:17:01+00:00\",\"dateModified\":\"2023-02-16T09:26:01+00:00\",\"breadcrumb\":{\"@id\":\"https:\\\/\\\/conductme.com\\\/partners\\\/#breadcrumb\"},\"inLanguage\":\"hu\",\"potentialAction\":[{\"@type\":\"ReadAction\",\"target\":[\"https:\\\/\\\/conductme.com\\\/partners\\\/\"]}]},{\"@type\":\"BreadcrumbList\",\"@id\":\"https:\\\/\\\/conductme.com\\\/partners\\\/#breadcrumb\",\"itemListElement\":[{\"@type\":\"ListItem\",\"position\":1,\"name\":\"Home\",\"item\":\"https:\\\/\\\/conductme.com\\\/\"},{\"@type\":\"ListItem\",\"position\":2,\"name\":\"Partners\"}]},{\"@type\":\"WebSite\",\"@id\":\"https:\\\/\\\/conductme.com\\\/#website\",\"url\":\"https:\\\/\\\/conductme.com\\\/\",\"name\":\"ConductMe\",\"description\":\"A digital education service for Conductive Education\",\"potentialAction\":[{\"@type\":\"SearchAction\",\"target\":{\"@type\":\"EntryPoint\",\"urlTemplate\":\"https:\\\/\\\/conductme.com\\\/?s={search_term_string}\"},\"query-input\":{\"@type\":\"PropertyValueSpecification\",\"valueRequired\":true,\"valueName\":\"search_term_string\"}}],\"inLanguage\":\"hu\"}]}<\/script>\n<!-- \/ Yoast SEO plugin. -->","yoast_head_json":{"title":"Partners - ConductMe","robots":{"index":"index","follow":"follow","max-snippet":"max-snippet:-1","max-image-preview":"max-image-preview:large","max-video-preview":"max-video-preview:-1"},"canonical":"https:\/\/conductme.com\/hu\/partners\/","og_locale":"hu_HU","og_type":"article","og_title":"Partners - ConductMe","og_description":"PartnersWe believe in making Conductive Education available for everyone around the world - to learn, share, connect and develop together. This would not be possible without our partners or heroes as we also call them. Our partners are conductors, organizations, institutes and businesses working with the concept of Conductive Education. We share the same goal [&hellip;]","og_url":"https:\/\/conductme.com\/hu\/partners\/","og_site_name":"ConductMe","article_modified_time":"2023-02-16T09:26:01+00:00","twitter_card":"summary_large_image","twitter_misc":{"Becs\u00fclt olvas\u00e1si id\u0151":"7 perc"},"schema":{"@context":"https:\/\/schema.org","@graph":[{"@type":"WebPage","@id":"https:\/\/conductme.com\/partners\/","url":"https:\/\/conductme.com\/partners\/","name":"Partners - ConductMe","isPartOf":{"@id":"https:\/\/conductme.com\/#website"},"datePublished":"2021-04-28T13:17:01+00:00","dateModified":"2023-02-16T09:26:01+00:00","breadcrumb":{"@id":"https:\/\/conductme.com\/partners\/#breadcrumb"},"inLanguage":"hu","potentialAction":[{"@type":"ReadAction","target":["https:\/\/conductme.com\/partners\/"]}]},{"@type":"BreadcrumbList","@id":"https:\/\/conductme.com\/partners\/#breadcrumb","itemListElement":[{"@type":"ListItem","position":1,"name":"Home","item":"https:\/\/conductme.com\/"},{"@type":"ListItem","position":2,"name":"Partners"}]},{"@type":"WebSite","@id":"https:\/\/conductme.com\/#website","url":"https:\/\/conductme.com\/","name":"ConductMe","description":"A digital education service for Conductive Education","potentialAction":[{"@type":"SearchAction","target":{"@type":"EntryPoint","urlTemplate":"https:\/\/conductme.com\/?s={search_term_string}"},"query-input":{"@type":"PropertyValueSpecification","valueRequired":true,"valueName":"search_term_string"}}],"inLanguage":"hu"}]}},"_links":{"self":[{"href":"https:\/\/conductme.com\/hu\/wp-json\/wp\/v2\/pages\/1757","targetHints":{"allow":["GET"]}}],"collection":[{"href":"https:\/\/conductme.com\/hu\/wp-json\/wp\/v2\/pages"}],"about":[{"href":"https:\/\/conductme.com\/hu\/wp-json\/wp\/v2\/types\/page"}],"author":[{"embeddable":true,"href":"https:\/\/conductme.com\/hu\/wp-json\/wp\/v2\/users\/4"}],"replies":[{"embeddable":true,"href":"https:\/\/conductme.com\/hu\/wp-json\/wp\/v2\/comments?post=1757"}],"version-history":[{"count":23,"href":"https:\/\/conductme.com\/hu\/wp-json\/wp\/v2\/pages\/1757\/revisions"}],"predecessor-version":[{"id":3978,"href":"https:\/\/conductme.com\/hu\/wp-json\/wp\/v2\/pages\/1757\/revisions\/3978"}],"wp:attachment":[{"href":"https:\/\/conductme.com\/hu\/wp-json\/wp\/v2\/media?parent=1757"}],"curies":[{"name":"wp","href":"https:\/\/api.w.org\/{rel}","templated":true}]}}