{"id":59,"date":"2020-04-20T12:43:51","date_gmt":"2020-04-20T12:43:51","guid":{"rendered":"https:\/\/conductme.com\/?page_id=59"},"modified":"2021-05-28T07:38:26","modified_gmt":"2021-05-28T07:38:26","slug":"conductor-about-us","status":"publish","type":"page","link":"https:\/\/conductme.com\/de\/conductor-about-us\/","title":{"rendered":"\u00dcber uns"},"content":{"rendered":"<p>[et_pb_section fb_built=&#8221;1&#8243; custom_padding_last_edited=&#8221;on|desktop&#8221; admin_label=&#8221;Hero&#8221; _builder_version=&#8221;4.5.3&#8243; use_background_color_gradient=&#8221;on&#8221; background_color_gradient_start=&#8221;#8DC63F&#8221; background_color_gradient_end=&#8221;#84D2E2&#8243; background_color_gradient_direction=&#8221;1deg&#8221; background_enable_image=&#8221;off&#8221; module_alignment=&#8221;center&#8221; min_height=&#8221;350px&#8221; custom_padding=&#8221;70px|0px|0px|0px|false|false&#8221; custom_padding_tablet=&#8221;60px||75px||false|false&#8221; custom_padding_phone=&#8221;35px|0px|35px|0px|false|false&#8221;][et_pb_row custom_padding_last_edited=&#8221;on|phone&#8221; _builder_version=&#8221;4.5.3&#8243; width=&#8221;55%&#8221; width_tablet=&#8221;80%&#8221; width_phone=&#8221;80%&#8221; width_last_edited=&#8221;on|phone&#8221; module_alignment=&#8221;center&#8221; custom_margin=&#8221;|auto|-17px|auto||&#8221; custom_padding=&#8221;25px||||false|false&#8221; custom_padding_tablet=&#8221;&#8221; custom_padding_phone=&#8221;15px||||false|false&#8221;][et_pb_column type=&#8221;4_4&#8243; _builder_version=&#8221;4.4.2&#8243; custom_padding=&#8221;||||false|false&#8221; custom_padding__hover=&#8221;|||&#8221;][et_pb_text _builder_version=&#8221;4.5.3&#8243; text_font=&#8221;|600|||||||&#8221; text_text_color=&#8221;#ffffff&#8221; text_font_size=&#8221;16px&#8221; text_line_height=&#8221;1.8em&#8221; header_font=&#8221;Open Sans||||||||&#8221; header_text_align=&#8221;center&#8221; header_line_height=&#8221;1.2em&#8221; header_3_line_height=&#8221;1.6em&#8221; text_orientation=&#8221;center&#8221; background_layout=&#8221;dark&#8221; module_alignment=&#8221;center&#8221; min_height=&#8221;251px&#8221; custom_margin=&#8221;||||false|false&#8221; custom_padding=&#8221;30px||||false|false&#8221; custom_padding_phone=&#8221;||5px||false|false&#8221; custom_padding_last_edited=&#8221;off|desktop&#8221; header_font_size_tablet=&#8221;&#8221; header_font_size_phone=&#8221;&#8221; header_font_size_last_edited=&#8221;on|phone&#8221; header_3_font_size_tablet=&#8221;&#8221; header_3_font_size_phone=&#8221;15px&#8221; header_3_font_size_last_edited=&#8221;on|phone&#8221; text_text_shadow_style=&#8221;preset3&#8243;]<\/p>\n<h1><strong>About us<\/strong><\/h1>\n<p>[\/et_pb_text][\/et_pb_column][\/et_pb_row][\/et_pb_section][et_pb_section fb_built=&#8221;1&#8243; _builder_version=&#8221;4.5.3&#8243; _module_preset=&#8221;default&#8221;][et_pb_row _builder_version=&#8221;4.5.3&#8243; _module_preset=&#8221;default&#8221;][et_pb_column type=&#8221;4_4&#8243; _builder_version=&#8221;4.5.3&#8243; _module_preset=&#8221;default&#8221;][et_pb_text _builder_version=&#8221;4.5.3&#8243; _module_preset=&#8221;default&#8221; text_font_size=&#8221;20px&#8221; text_line_height=&#8221;1.3em&#8221;]<\/p>\n<div>\n<div>\n<div>\n<div data-tid=\"messageBodyContainer\">\n<div data-tid=\"messageBodyContent\">\n<div>\n<div>\n<div>\n<p><span><\/span><\/p>\n<\/div>\n<\/div>\n<\/div>\n<\/div>\n<\/div>\n<\/div>\n<\/div>\n<\/div>\n<p>ConductMe works for equals for individuals. The business is based in Sweden but have users from all different corners of the world. Conductme is the digital platform for Conductive Education. The aim is to share knowledge for a brighter future where individuals with neurological diagnosis can be the best version of themselves.<\/p>\n<p>It all started in the history, when our founder Eszter Horv\u00e1th T\u00f3thn\u00e9 visited Andr\u00e1s Pet\u00f6 Institute of Conductive Education and College for Conductor Training in Budapest together with her grandmother. When Eszter and her grandmother came to the training hall she saw a girl with mobility impairment fall into the floor. Instinctively Eszter wanted to help, but the girl made it on her own. In that moment, Eszter saw the power and strength in each individual, and the possibility to be more independent in everyday life.<\/p>\n<p>After fours years of studies at Andr\u00e1s Pet\u00f6 Institute Eszter did her internship at the facility for small children. But after she finished her employment, parents started to call for her service. Eszter started the second privately owned company within Conductive Education ever in Hungary, in 1994. The reputation of Eszters training, programs and service spread and families flew in from other countries. The key to success was the total family safety and the holistic development. Far away from traditional way of Conductive Education. Eszter moved her business and her family to Sweden in 1997. Today the business, Move &amp; Walk, operates in three cities and have 176 employees.<\/p>\n<p>With this mind and together with a group of conductors, Eszter started ConductMe in 2020. In decades conductors have participated in dialogues about Conductive Education, but rarely discussed how to meet the future or the development of society. At ConductMe our passion is to guide individuals with neurological diagnosis towards development and to become more independent. It is now time to adapt Conductive Education to the world of digitalization, so that more individuals can feel their own power and physical ability.<\/p>\n<p>ConductMe has formed the platform to provide support to jointly assure the future of Conductive Education, in collaboration with the European Conductive Association.<\/p>\n<p>[\/et_pb_text][\/et_pb_column][\/et_pb_row][\/et_pb_section][et_pb_section fb_built=&#8221;1&#8243; _builder_version=&#8221;4.5.3&#8243; _module_preset=&#8221;default&#8221;][et_pb_row _builder_version=&#8221;4.5.3&#8243; _module_preset=&#8221;default&#8221;][et_pb_column type=&#8221;4_4&#8243; _builder_version=&#8221;4.5.3&#8243; _module_preset=&#8221;default&#8221;][et_pb_blurb title=&#8221;Eszter Horv\u00e1th T\u00f3thn\u00e9&#8221; url=&#8221;#&#8221; image=&#8221;https:\/\/conductme.com\/wp-content\/uploads\/2020\/06\/ConductMe-Eszter.png&#8221; alt=&#8221;ConductMe-Eszter&#8221; image_max_width=&#8221;100px&#8221; content_max_width=&#8221;750px&#8221; admin_label=&#8221;Instructor&#8221; _builder_version=&#8221;4.5.3&#8243; header_font=&#8221;|700|||||||&#8221; header_text_align=&#8221;left&#8221; header_text_color=&#8221;#474747&#8243; header_font_size=&#8221;23px&#8221; body_text_color=&#8221;#474747&#8243; body_font_size=&#8221;20px&#8221; body_line_height=&#8221;1.3em&#8221; background_color=&#8221;#ffffff&#8221; text_orientation=&#8221;center&#8221; custom_margin=&#8221;-80px|||&#8221; custom_padding=&#8221;30px|40px|30px|40px&#8221; animation_style=&#8221;zoom&#8221; animation_direction=&#8221;bottom&#8221; animation_intensity_zoom=&#8221;20%&#8221; animation_starting_opacity=&#8221;100%&#8221; box_shadow_style=&#8221;preset1&#8243; box_shadow_vertical=&#8221;0px&#8221; box_shadow_blur=&#8221;60px&#8221; box_shadow_color=&#8221;rgba(71,74,182,0.12)&#8221;]<\/p>\n<p style=\"text-align: left;\"><em>Founder of ConductMe<\/em><\/p>\n<p style=\"text-align: left;\">I am a conductor and the founder of ConductMe and Move &amp; Walk.<\/p>\n<p style=\"text-align: left;\">In 1991, after my graduation from Andr\u00e1s Pet\u00f6 Institute of Conductive Education and College for Conductor Training, Budapest (MPANNI), I started Move &amp; Walk School in Budapest. In 1997 I moved the school to Sweden and developed different activities based on CE in healthcare, school and in social areas.<\/p>\n<p style=\"text-align: left;\">My participation in ConductMe is as a generator and innovator. I hope, conductors all around the world, will find their own way to meet the\u00a0digital world with success, through our ConductMe platform.<\/p>\n<p>[\/et_pb_blurb][\/et_pb_column][\/et_pb_row][\/et_pb_section]<\/p>\n","protected":false},"excerpt":{"rendered":"<p>About us ConductMe works for equals for individuals. The business is based in Sweden but have users from all different corners of the world. Conductme is the digital platform for Conductive Education. The aim is to share knowledge for a brighter future where individuals with neurological diagnosis can be the best version of themselves. It [&hellip;]<\/p>\n","protected":false},"author":4,"featured_media":0,"parent":0,"menu_order":0,"comment_status":"closed","ping_status":"closed","template":"","meta":{"_et_pb_use_builder":"on","_et_pb_old_content":"","_et_gb_content_width":"","footnotes":""},"class_list":["post-59","page","type-page","status-publish","hentry"],"yoast_head":"<!-- This site is optimized with the Yoast SEO plugin v27.4 - https:\/\/yoast.com\/product\/yoast-seo-wordpress\/ -->\n<title>About Us - Conductor - We share our journey - ConductMe<\/title>\n<meta name=\"description\" content=\"How we started our journey of working as a Conductor for many years and now working to develop the digitalisation of conductive education.\" \/>\n<meta name=\"robots\" content=\"index, follow, max-snippet:-1, max-image-preview:large, max-video-preview:-1\" \/>\n<link rel=\"canonical\" href=\"https:\/\/conductme.com\/de\/conductor-about-us\/\" \/>\n<meta property=\"og:locale\" content=\"de_DE\" \/>\n<meta property=\"og:type\" content=\"article\" \/>\n<meta property=\"og:title\" content=\"About Us - Conductor - We share our journey - ConductMe\" \/>\n<meta property=\"og:description\" content=\"How we started our journey of working as a Conductor for many years and now working to develop the digitalisation of conductive education.\" \/>\n<meta property=\"og:url\" content=\"https:\/\/conductme.com\/de\/conductor-about-us\/\" \/>\n<meta property=\"og:site_name\" content=\"ConductMe\" \/>\n<meta property=\"article:modified_time\" content=\"2021-05-28T07:38:26+00:00\" \/>\n<meta name=\"twitter:card\" content=\"summary_large_image\" \/>\n<meta name=\"twitter:label1\" content=\"Gesch\u00e4tzte Lesezeit\" \/>\n\t<meta name=\"twitter:data1\" content=\"4\u00a0Minuten\" \/>\n<script type=\"application\/ld+json\" class=\"yoast-schema-graph\">{\"@context\":\"https:\\\/\\\/schema.org\",\"@graph\":[{\"@type\":\"WebPage\",\"@id\":\"https:\\\/\\\/conductme.com\\\/conductor-about-us\\\/\",\"url\":\"https:\\\/\\\/conductme.com\\\/conductor-about-us\\\/\",\"name\":\"About Us - Conductor - We share our journey - ConductMe\",\"isPartOf\":{\"@id\":\"https:\\\/\\\/conductme.com\\\/#website\"},\"datePublished\":\"2020-04-20T12:43:51+00:00\",\"dateModified\":\"2021-05-28T07:38:26+00:00\",\"description\":\"How we started our journey of working as a Conductor for many years and now working to develop the digitalisation of conductive education.\",\"breadcrumb\":{\"@id\":\"https:\\\/\\\/conductme.com\\\/conductor-about-us\\\/#breadcrumb\"},\"inLanguage\":\"de\",\"potentialAction\":[{\"@type\":\"ReadAction\",\"target\":[\"https:\\\/\\\/conductme.com\\\/conductor-about-us\\\/\"]}]},{\"@type\":\"BreadcrumbList\",\"@id\":\"https:\\\/\\\/conductme.com\\\/conductor-about-us\\\/#breadcrumb\",\"itemListElement\":[{\"@type\":\"ListItem\",\"position\":1,\"name\":\"Home\",\"item\":\"https:\\\/\\\/conductme.com\\\/\"},{\"@type\":\"ListItem\",\"position\":2,\"name\":\"About Us\"}]},{\"@type\":\"WebSite\",\"@id\":\"https:\\\/\\\/conductme.com\\\/#website\",\"url\":\"https:\\\/\\\/conductme.com\\\/\",\"name\":\"ConductMe\",\"description\":\"A digital education service for Conductive Education\",\"potentialAction\":[{\"@type\":\"SearchAction\",\"target\":{\"@type\":\"EntryPoint\",\"urlTemplate\":\"https:\\\/\\\/conductme.com\\\/?s={search_term_string}\"},\"query-input\":{\"@type\":\"PropertyValueSpecification\",\"valueRequired\":true,\"valueName\":\"search_term_string\"}}],\"inLanguage\":\"de\"}]}<\/script>\n<!-- \/ Yoast SEO plugin. -->","yoast_head_json":{"title":"About Us - Conductor - We share our journey - ConductMe","description":"How we started our journey of working as a Conductor for many years and now working to develop the digitalisation of conductive education.","robots":{"index":"index","follow":"follow","max-snippet":"max-snippet:-1","max-image-preview":"max-image-preview:large","max-video-preview":"max-video-preview:-1"},"canonical":"https:\/\/conductme.com\/de\/conductor-about-us\/","og_locale":"de_DE","og_type":"article","og_title":"About Us - Conductor - We share our journey - ConductMe","og_description":"How we started our journey of working as a Conductor for many years and now working to develop the digitalisation of conductive education.","og_url":"https:\/\/conductme.com\/de\/conductor-about-us\/","og_site_name":"ConductMe","article_modified_time":"2021-05-28T07:38:26+00:00","twitter_card":"summary_large_image","twitter_misc":{"Gesch\u00e4tzte Lesezeit":"4\u00a0Minuten"},"schema":{"@context":"https:\/\/schema.org","@graph":[{"@type":"WebPage","@id":"https:\/\/conductme.com\/conductor-about-us\/","url":"https:\/\/conductme.com\/conductor-about-us\/","name":"About Us - Conductor - We share our journey - ConductMe","isPartOf":{"@id":"https:\/\/conductme.com\/#website"},"datePublished":"2020-04-20T12:43:51+00:00","dateModified":"2021-05-28T07:38:26+00:00","description":"How we started our journey of working as a Conductor for many years and now working to develop the digitalisation of conductive education.","breadcrumb":{"@id":"https:\/\/conductme.com\/conductor-about-us\/#breadcrumb"},"inLanguage":"de","potentialAction":[{"@type":"ReadAction","target":["https:\/\/conductme.com\/conductor-about-us\/"]}]},{"@type":"BreadcrumbList","@id":"https:\/\/conductme.com\/conductor-about-us\/#breadcrumb","itemListElement":[{"@type":"ListItem","position":1,"name":"Home","item":"https:\/\/conductme.com\/"},{"@type":"ListItem","position":2,"name":"About Us"}]},{"@type":"WebSite","@id":"https:\/\/conductme.com\/#website","url":"https:\/\/conductme.com\/","name":"ConductMe","description":"A digital education service for Conductive Education","potentialAction":[{"@type":"SearchAction","target":{"@type":"EntryPoint","urlTemplate":"https:\/\/conductme.com\/?s={search_term_string}"},"query-input":{"@type":"PropertyValueSpecification","valueRequired":true,"valueName":"search_term_string"}}],"inLanguage":"de"}]}},"_links":{"self":[{"href":"https:\/\/conductme.com\/de\/wp-json\/wp\/v2\/pages\/59","targetHints":{"allow":["GET"]}}],"collection":[{"href":"https:\/\/conductme.com\/de\/wp-json\/wp\/v2\/pages"}],"about":[{"href":"https:\/\/conductme.com\/de\/wp-json\/wp\/v2\/types\/page"}],"author":[{"embeddable":true,"href":"https:\/\/conductme.com\/de\/wp-json\/wp\/v2\/users\/4"}],"replies":[{"embeddable":true,"href":"https:\/\/conductme.com\/de\/wp-json\/wp\/v2\/comments?post=59"}],"version-history":[{"count":87,"href":"https:\/\/conductme.com\/de\/wp-json\/wp\/v2\/pages\/59\/revisions"}],"predecessor-version":[{"id":3919,"href":"https:\/\/conductme.com\/de\/wp-json\/wp\/v2\/pages\/59\/revisions\/3919"}],"wp:attachment":[{"href":"https:\/\/conductme.com\/de\/wp-json\/wp\/v2\/media?parent=59"}],"curies":[{"name":"wp","href":"https:\/\/api.w.org\/{rel}","templated":true}]}}